{"id":2903,"date":"2024-11-05T12:28:03","date_gmt":"2024-11-04T23:28:03","guid":{"rendered":"https:\/\/www.joandjoe.com\/auckland\/rooms\/"},"modified":"2025-10-07T22:03:34","modified_gmt":"2025-10-07T09:03:34","slug":"rooms","status":"publish","type":"page","link":"https:\/\/www.joandjoe.com\/auckland\/de\/rooms\/","title":{"rendered":"Unterk\u00fcnfte"},"content":{"rendered":"","protected":false},"excerpt":{"rendered":"","protected":false},"author":2,"featured_media":0,"parent":0,"menu_order":0,"comment_status":"closed","ping_status":"closed","template":"templates\/template-rooms.php","meta":{"footnotes":""},"acf":[],"yoast_head":"<!-- This site is optimized with the Yoast SEO plugin v21.5 - https:\/\/yoast.com\/wordpress\/plugins\/seo\/ -->\n<title>Unterk\u00fcnfte - JO&amp;JOE Auckland<\/title>\n<meta name=\"description\" content=\"Unterk\u00fcnfte - Erleben Sie mit JO&amp;JOE eine neue Art von Herberge mit erschwinglichen Unterk\u00fcnften, authentischen Restaurants und Designer-Bars.\" \/>\n<meta name=\"robots\" content=\"index, follow, max-snippet:-1, max-image-preview:large, max-video-preview:-1\" \/>\n<link rel=\"canonical\" href=\"https:\/\/www.joandjoe.com\/auckland\/de\/rooms\/\" \/>\n<meta property=\"og:locale\" content=\"de_DE\" \/>\n<meta property=\"og:type\" content=\"article\" \/>\n<meta property=\"og:title\" content=\"Unterk\u00fcnfte - JO&amp;JOE Auckland\" \/>\n<meta property=\"og:description\" content=\"Unterk\u00fcnfte - Erleben Sie mit JO&amp;JOE eine neue Art von Herberge mit erschwinglichen Unterk\u00fcnften, authentischen Restaurants und Designer-Bars.\" \/>\n<meta property=\"og:url\" content=\"https:\/\/www.joandjoe.com\/auckland\/de\/rooms\/\" \/>\n<meta property=\"og:site_name\" content=\"JO&amp;JOE Auckland\" \/>\n<meta property=\"article:modified_time\" content=\"2025-10-07T09:03:34+00:00\" \/>\n<meta property=\"og:image\" content=\"https:\/\/www.joandjoe.com\/auckland\/wp-content\/uploads\/sites\/14\/2025\/07\/JJ-Auckland-RVB.png\" \/>\n\t<meta property=\"og:image:width\" content=\"1800\" \/>\n\t<meta property=\"og:image:height\" content=\"1800\" \/>\n\t<meta property=\"og:image:type\" content=\"image\/png\" \/>\n<meta name=\"twitter:card\" content=\"summary_large_image\" \/>\n<!-- \/ Yoast SEO plugin. -->","yoast_head_json":{"title":"Unterk\u00fcnfte - JO&amp;JOE Auckland","description":"Unterk\u00fcnfte - Erleben Sie mit JO&JOE eine neue Art von Herberge mit erschwinglichen Unterk\u00fcnften, authentischen Restaurants und Designer-Bars.","robots":{"index":"index","follow":"follow","max-snippet":"max-snippet:-1","max-image-preview":"max-image-preview:large","max-video-preview":"max-video-preview:-1"},"canonical":"https:\/\/www.joandjoe.com\/auckland\/de\/rooms\/","og_locale":"de_DE","og_type":"article","og_title":"Unterk\u00fcnfte - JO&amp;JOE Auckland","og_description":"Unterk\u00fcnfte - Erleben Sie mit JO&JOE eine neue Art von Herberge mit erschwinglichen Unterk\u00fcnften, authentischen Restaurants und Designer-Bars.","og_url":"https:\/\/www.joandjoe.com\/auckland\/de\/rooms\/","og_site_name":"JO&amp;JOE Auckland","article_modified_time":"2025-10-07T09:03:34+00:00","og_image":[{"width":1800,"height":1800,"url":"https:\/\/www.joandjoe.com\/auckland\/wp-content\/uploads\/sites\/14\/2025\/07\/JJ-Auckland-RVB.png","type":"image\/png"}],"twitter_card":"summary_large_image","schema":{"@context":"https:\/\/schema.org","@graph":[{"@type":"WebPage","@id":"https:\/\/www.joandjoe.com\/auckland\/de\/rooms\/","url":"https:\/\/www.joandjoe.com\/auckland\/de\/rooms\/","name":"Unterk\u00fcnfte - JO&amp;JOE Auckland","isPartOf":{"@id":"https:\/\/www.joandjoe.com\/auckland\/en\/#website"},"datePublished":"2024-11-04T23:28:03+00:00","dateModified":"2025-10-07T09:03:34+00:00","description":"Unterk\u00fcnfte - Erleben Sie mit JO&JOE eine neue Art von Herberge mit erschwinglichen Unterk\u00fcnften, authentischen Restaurants und Designer-Bars.","breadcrumb":{"@id":"https:\/\/www.joandjoe.com\/auckland\/de\/rooms\/#breadcrumb"},"inLanguage":"de-DE","potentialAction":[{"@type":"ReadAction","target":["https:\/\/www.joandjoe.com\/auckland\/de\/rooms\/"]}]},{"@type":"BreadcrumbList","@id":"https:\/\/www.joandjoe.com\/auckland\/de\/rooms\/#breadcrumb","itemListElement":[{"@type":"ListItem","position":1,"name":"Home","item":"https:\/\/www.joandjoe.com\/auckland\/de\/homepage\/"},{"@type":"ListItem","position":2,"name":"Unterk\u00fcnfte"}]},{"@type":"WebSite","@id":"https:\/\/www.joandjoe.com\/auckland\/en\/#website","url":"https:\/\/www.joandjoe.com\/auckland\/en\/","name":"JO&JOE Auckland","description":"Stay at JO&amp;JOE Auckland","publisher":{"@id":"https:\/\/www.joandjoe.com\/auckland\/en\/#organization"},"alternateName":"JO&JOE Auckland","potentialAction":[{"@type":"SearchAction","target":{"@type":"EntryPoint","urlTemplate":"https:\/\/www.joandjoe.com\/auckland\/en\/?s={search_term_string}"},"query-input":"required name=search_term_string"}],"inLanguage":"de-DE"},{"@type":"Organization","@id":"https:\/\/www.joandjoe.com\/auckland\/en\/#organization","name":"Hossegor","url":"https:\/\/www.joandjoe.com\/auckland\/en\/","logo":{"@type":"ImageObject","inLanguage":"de-DE","@id":"https:\/\/www.joandjoe.com\/auckland\/en\/#\/schema\/logo\/image\/","url":"","contentUrl":"","caption":"Hossegor"},"image":{"@id":"https:\/\/www.joandjoe.com\/auckland\/en\/#\/schema\/logo\/image\/"}}]}},"_links":{"self":[{"href":"https:\/\/www.joandjoe.com\/auckland\/de\/wp-json\/wp\/v2\/pages\/2903"}],"collection":[{"href":"https:\/\/www.joandjoe.com\/auckland\/de\/wp-json\/wp\/v2\/pages"}],"about":[{"href":"https:\/\/www.joandjoe.com\/auckland\/de\/wp-json\/wp\/v2\/types\/page"}],"author":[{"embeddable":true,"href":"https:\/\/www.joandjoe.com\/auckland\/de\/wp-json\/wp\/v2\/users\/2"}],"replies":[{"embeddable":true,"href":"https:\/\/www.joandjoe.com\/auckland\/de\/wp-json\/wp\/v2\/comments?post=2903"}],"version-history":[{"count":0,"href":"https:\/\/www.joandjoe.com\/auckland\/de\/wp-json\/wp\/v2\/pages\/2903\/revisions"}],"wp:attachment":[{"href":"https:\/\/www.joandjoe.com\/auckland\/de\/wp-json\/wp\/v2\/media?parent=2903"}],"curies":[{"name":"wp","href":"https:\/\/api.w.org\/{rel}","templated":true}]}}