{"id":2004,"date":"2023-02-25T17:31:13","date_gmt":"2023-02-25T04:31:13","guid":{"rendered":"https:\/\/www.joandjoe.com\/auckland\/sleep\/"},"modified":"2025-12-12T01:51:40","modified_gmt":"2025-12-11T12:51:40","slug":"sleep","status":"publish","type":"page","link":"https:\/\/www.joandjoe.com\/auckland\/pt-br\/sleep\/","title":{"rendered":"Dormir"},"content":{"rendered":"","protected":false},"excerpt":{"rendered":"","protected":false},"author":3,"featured_media":0,"parent":0,"menu_order":0,"comment_status":"closed","ping_status":"closed","template":"","meta":{"footnotes":""},"acf":[],"yoast_head":"<!-- This site is optimized with the Yoast SEO plugin v21.5 - https:\/\/yoast.com\/wordpress\/plugins\/seo\/ -->\n<title>Hostel com alojamento ins\u00f3lito e moderno em JO&amp;JOE Auckland<\/title>\n<meta name=\"description\" content=\"Descubra um novo estilo de hostel em com acomoda\u00e7\u00f5es econ\u00f4micas, restaurantes aut\u00eanticos e bares modernos com JO&amp;JOE.\" \/>\n<meta name=\"robots\" content=\"index, follow, max-snippet:-1, max-image-preview:large, max-video-preview:-1\" \/>\n<link rel=\"canonical\" href=\"https:\/\/www.joandjoe.com\/auckland\/pt-br\/sleep\/\" \/>\n<meta property=\"og:locale\" content=\"pt_BR\" \/>\n<meta property=\"og:type\" content=\"article\" \/>\n<meta property=\"og:title\" content=\"Hostel com alojamento ins\u00f3lito e moderno em JO&amp;JOE Auckland\" \/>\n<meta property=\"og:description\" content=\"Descubra um novo estilo de hostel em com acomoda\u00e7\u00f5es econ\u00f4micas, restaurantes aut\u00eanticos e bares modernos com JO&amp;JOE.\" \/>\n<meta property=\"og:url\" content=\"https:\/\/www.joandjoe.com\/auckland\/pt-br\/sleep\/\" \/>\n<meta property=\"og:site_name\" content=\"JO&amp;JOE Auckland\" \/>\n<meta property=\"article:modified_time\" content=\"2025-12-11T12:51:40+00:00\" \/>\n<meta property=\"og:image\" content=\"https:\/\/www.joandjoe.com\/auckland\/wp-content\/uploads\/sites\/14\/2025\/07\/JJ-Auckland-RVB.png\" \/>\n\t<meta property=\"og:image:width\" content=\"1800\" \/>\n\t<meta property=\"og:image:height\" content=\"1800\" \/>\n\t<meta property=\"og:image:type\" content=\"image\/png\" \/>\n<meta name=\"twitter:card\" content=\"summary_large_image\" \/>\n<!-- \/ Yoast SEO plugin. -->","yoast_head_json":{"title":"Hostel com alojamento ins\u00f3lito e moderno em JO&amp;JOE Auckland","description":"Descubra um novo estilo de hostel em com acomoda\u00e7\u00f5es econ\u00f4micas, restaurantes aut\u00eanticos e bares modernos com JO&JOE.","robots":{"index":"index","follow":"follow","max-snippet":"max-snippet:-1","max-image-preview":"max-image-preview:large","max-video-preview":"max-video-preview:-1"},"canonical":"https:\/\/www.joandjoe.com\/auckland\/pt-br\/sleep\/","og_locale":"pt_BR","og_type":"article","og_title":"Hostel com alojamento ins\u00f3lito e moderno em JO&amp;JOE Auckland","og_description":"Descubra um novo estilo de hostel em com acomoda\u00e7\u00f5es econ\u00f4micas, restaurantes aut\u00eanticos e bares modernos com JO&JOE.","og_url":"https:\/\/www.joandjoe.com\/auckland\/pt-br\/sleep\/","og_site_name":"JO&amp;JOE Auckland","article_modified_time":"2025-12-11T12:51:40+00:00","og_image":[{"width":1800,"height":1800,"url":"https:\/\/www.joandjoe.com\/auckland\/wp-content\/uploads\/sites\/14\/2025\/07\/JJ-Auckland-RVB.png","type":"image\/png"}],"twitter_card":"summary_large_image","schema":{"@context":"https:\/\/schema.org","@graph":[{"@type":"WebPage","@id":"https:\/\/www.joandjoe.com\/auckland\/pt-br\/sleep\/","url":"https:\/\/www.joandjoe.com\/auckland\/pt-br\/sleep\/","name":"Hostel com alojamento ins\u00f3lito e moderno em JO&amp;JOE Auckland","isPartOf":{"@id":"https:\/\/www.joandjoe.com\/auckland\/en\/#website"},"datePublished":"2023-02-25T04:31:13+00:00","dateModified":"2025-12-11T12:51:40+00:00","description":"Descubra um novo estilo de hostel em com acomoda\u00e7\u00f5es econ\u00f4micas, restaurantes aut\u00eanticos e bares modernos com JO&JOE.","breadcrumb":{"@id":"https:\/\/www.joandjoe.com\/auckland\/pt-br\/sleep\/#breadcrumb"},"inLanguage":"pt-BR","potentialAction":[{"@type":"ReadAction","target":["https:\/\/www.joandjoe.com\/auckland\/pt-br\/sleep\/"]}]},{"@type":"BreadcrumbList","@id":"https:\/\/www.joandjoe.com\/auckland\/pt-br\/sleep\/#breadcrumb","itemListElement":[{"@type":"ListItem","position":1,"name":"Home","item":"https:\/\/www.joandjoe.com\/auckland\/pt-br\/"},{"@type":"ListItem","position":2,"name":"Dormir"}]},{"@type":"WebSite","@id":"https:\/\/www.joandjoe.com\/auckland\/en\/#website","url":"https:\/\/www.joandjoe.com\/auckland\/en\/","name":"JO&JOE Auckland","description":"Stay at JO&amp;JOE Auckland","publisher":{"@id":"https:\/\/www.joandjoe.com\/auckland\/en\/#organization"},"alternateName":"JO&JOE Auckland","potentialAction":[{"@type":"SearchAction","target":{"@type":"EntryPoint","urlTemplate":"https:\/\/www.joandjoe.com\/auckland\/en\/?s={search_term_string}"},"query-input":"required name=search_term_string"}],"inLanguage":"pt-BR"},{"@type":"Organization","@id":"https:\/\/www.joandjoe.com\/auckland\/en\/#organization","name":"Hossegor","url":"https:\/\/www.joandjoe.com\/auckland\/en\/","logo":{"@type":"ImageObject","inLanguage":"pt-BR","@id":"https:\/\/www.joandjoe.com\/auckland\/en\/#\/schema\/logo\/image\/","url":"","contentUrl":"","caption":"Hossegor"},"image":{"@id":"https:\/\/www.joandjoe.com\/auckland\/en\/#\/schema\/logo\/image\/"}}]}},"_links":{"self":[{"href":"https:\/\/www.joandjoe.com\/auckland\/pt-br\/wp-json\/wp\/v2\/pages\/2004"}],"collection":[{"href":"https:\/\/www.joandjoe.com\/auckland\/pt-br\/wp-json\/wp\/v2\/pages"}],"about":[{"href":"https:\/\/www.joandjoe.com\/auckland\/pt-br\/wp-json\/wp\/v2\/types\/page"}],"author":[{"embeddable":true,"href":"https:\/\/www.joandjoe.com\/auckland\/pt-br\/wp-json\/wp\/v2\/users\/3"}],"replies":[{"embeddable":true,"href":"https:\/\/www.joandjoe.com\/auckland\/pt-br\/wp-json\/wp\/v2\/comments?post=2004"}],"version-history":[{"count":0,"href":"https:\/\/www.joandjoe.com\/auckland\/pt-br\/wp-json\/wp\/v2\/pages\/2004\/revisions"}],"wp:attachment":[{"href":"https:\/\/www.joandjoe.com\/auckland\/pt-br\/wp-json\/wp\/v2\/media?parent=2004"}],"curies":[{"name":"wp","href":"https:\/\/api.w.org\/{rel}","templated":true}]}}