{"id":2497,"date":"2023-02-26T12:32:07","date_gmt":"2023-02-26T10:32:07","guid":{"rendered":"https:\/\/www.joandjoe.com\/budapest\/restaurant-and-bar\/"},"modified":"2025-12-11T18:02:27","modified_gmt":"2025-12-11T16:02:27","slug":"restaurant-and-bar","status":"publish","type":"page","link":"https:\/\/www.joandjoe.com\/budapest\/hu\/restaurant-and-bar\/","title":{"rendered":"B\u00e1r &amp; \u00c9tterem"},"content":{"rendered":"","protected":false},"excerpt":{"rendered":"","protected":false},"author":3,"featured_media":3320,"parent":0,"menu_order":0,"comment_status":"closed","ping_status":"closed","template":"","meta":{"footnotes":""},"acf":[],"yoast_head":"<!-- This site is optimized with the Yoast SEO plugin v21.5 - https:\/\/yoast.com\/wordpress\/plugins\/seo\/ -->\n<title>Design \u00e9tterem tet\u0151terasszal \u00e9s bar\u00e1ts\u00e1gos b\u00e1rral a JO&amp;JOE Budapest.<\/title>\n<meta name=\"description\" content=\"K\u00e9sz\u00fclj\u00f6n fel a JO&amp;JOE %JO&amp;JOE Budapest t\u00e1rsas\u00e1gi \u00e9lm\u00e9nyre. Fedezze fel az \u00e9ttermet \u00e9s a b\u00e1rt, ahol az utaz\u00f3k \u00e9s a szomsz\u00e9dok tal\u00e1lkozhatnak, \u00e9s megk\u00f3stolhatj\u00e1k a h\u00e1zias \u00e9teleket.\" \/>\n<meta name=\"robots\" content=\"index, follow, max-snippet:-1, max-image-preview:large, max-video-preview:-1\" \/>\n<link rel=\"canonical\" href=\"https:\/\/www.joandjoe.com\/budapest\/hu\/restaurant-and-bar\/\" \/>\n<meta property=\"og:locale\" content=\"hu_HU\" \/>\n<meta property=\"og:type\" content=\"article\" \/>\n<meta property=\"og:title\" content=\"Design \u00e9tterem tet\u0151terasszal \u00e9s bar\u00e1ts\u00e1gos b\u00e1rral a JO&amp;JOE Budapest.\" \/>\n<meta property=\"og:description\" content=\"K\u00e9sz\u00fclj\u00f6n fel a JO&amp;JOE %JO&amp;JOE Budapest t\u00e1rsas\u00e1gi \u00e9lm\u00e9nyre. Fedezze fel az \u00e9ttermet \u00e9s a b\u00e1rt, ahol az utaz\u00f3k \u00e9s a szomsz\u00e9dok tal\u00e1lkozhatnak, \u00e9s megk\u00f3stolhatj\u00e1k a h\u00e1zias \u00e9teleket.\" \/>\n<meta property=\"og:url\" content=\"https:\/\/www.joandjoe.com\/budapest\/hu\/restaurant-and-bar\/\" \/>\n<meta property=\"og:site_name\" content=\"JO&amp;JOE Budapest\" \/>\n<meta property=\"article:modified_time\" content=\"2025-12-11T16:02:27+00:00\" \/>\n<meta property=\"og:image\" content=\"https:\/\/www.joandjoe.com\/budapest\/wp-content\/uploads\/sites\/13\/2025\/09\/JoJoe_Budapest-053-1.jpg\" \/>\n\t<meta property=\"og:image:width\" content=\"1512\" \/>\n\t<meta property=\"og:image:height\" content=\"1008\" \/>\n\t<meta property=\"og:image:type\" content=\"image\/jpeg\" \/>\n<meta name=\"twitter:card\" content=\"summary_large_image\" \/>\n<!-- \/ Yoast SEO plugin. -->","yoast_head_json":{"title":"Design \u00e9tterem tet\u0151terasszal \u00e9s bar\u00e1ts\u00e1gos b\u00e1rral a JO&amp;JOE Budapest.","description":"K\u00e9sz\u00fclj\u00f6n fel a JO&JOE %JO&amp;JOE Budapest t\u00e1rsas\u00e1gi \u00e9lm\u00e9nyre. Fedezze fel az \u00e9ttermet \u00e9s a b\u00e1rt, ahol az utaz\u00f3k \u00e9s a szomsz\u00e9dok tal\u00e1lkozhatnak, \u00e9s megk\u00f3stolhatj\u00e1k a h\u00e1zias \u00e9teleket.","robots":{"index":"index","follow":"follow","max-snippet":"max-snippet:-1","max-image-preview":"max-image-preview:large","max-video-preview":"max-video-preview:-1"},"canonical":"https:\/\/www.joandjoe.com\/budapest\/hu\/restaurant-and-bar\/","og_locale":"hu_HU","og_type":"article","og_title":"Design \u00e9tterem tet\u0151terasszal \u00e9s bar\u00e1ts\u00e1gos b\u00e1rral a JO&amp;JOE Budapest.","og_description":"K\u00e9sz\u00fclj\u00f6n fel a JO&JOE %JO&amp;JOE Budapest t\u00e1rsas\u00e1gi \u00e9lm\u00e9nyre. Fedezze fel az \u00e9ttermet \u00e9s a b\u00e1rt, ahol az utaz\u00f3k \u00e9s a szomsz\u00e9dok tal\u00e1lkozhatnak, \u00e9s megk\u00f3stolhatj\u00e1k a h\u00e1zias \u00e9teleket.","og_url":"https:\/\/www.joandjoe.com\/budapest\/hu\/restaurant-and-bar\/","og_site_name":"JO&amp;JOE Budapest","article_modified_time":"2025-12-11T16:02:27+00:00","og_image":[{"width":1512,"height":1008,"url":"https:\/\/www.joandjoe.com\/budapest\/wp-content\/uploads\/sites\/13\/2025\/09\/JoJoe_Budapest-053-1.jpg","type":"image\/jpeg"}],"twitter_card":"summary_large_image","schema":{"@context":"https:\/\/schema.org","@graph":[{"@type":"WebPage","@id":"https:\/\/www.joandjoe.com\/budapest\/hu\/restaurant-and-bar\/","url":"https:\/\/www.joandjoe.com\/budapest\/hu\/restaurant-and-bar\/","name":"Design \u00e9tterem tet\u0151terasszal \u00e9s bar\u00e1ts\u00e1gos b\u00e1rral a JO&amp;JOE Budapest.","isPartOf":{"@id":"https:\/\/www.joandjoe.com\/budapest\/en\/#website"},"datePublished":"2023-02-26T10:32:07+00:00","dateModified":"2025-12-11T16:02:27+00:00","description":"K\u00e9sz\u00fclj\u00f6n fel a JO&JOE %JO&amp;JOE Budapest t\u00e1rsas\u00e1gi \u00e9lm\u00e9nyre. Fedezze fel az \u00e9ttermet \u00e9s a b\u00e1rt, ahol az utaz\u00f3k \u00e9s a szomsz\u00e9dok tal\u00e1lkozhatnak, \u00e9s megk\u00f3stolhatj\u00e1k a h\u00e1zias \u00e9teleket.","breadcrumb":{"@id":"https:\/\/www.joandjoe.com\/budapest\/hu\/restaurant-and-bar\/#breadcrumb"},"inLanguage":"hu","potentialAction":[{"@type":"ReadAction","target":["https:\/\/www.joandjoe.com\/budapest\/hu\/restaurant-and-bar\/"]}]},{"@type":"BreadcrumbList","@id":"https:\/\/www.joandjoe.com\/budapest\/hu\/restaurant-and-bar\/#breadcrumb","itemListElement":[{"@type":"ListItem","position":1,"name":"Home","item":"https:\/\/www.joandjoe.com\/budapest\/hu\/homepage\/"},{"@type":"ListItem","position":2,"name":"B\u00e1r &amp; \u00c9tterem"}]},{"@type":"WebSite","@id":"https:\/\/www.joandjoe.com\/budapest\/en\/#website","url":"https:\/\/www.joandjoe.com\/budapest\/en\/","name":"JO&JOE Budapest","description":"Stay at JO&amp;JOE Budapest","publisher":{"@id":"https:\/\/www.joandjoe.com\/budapest\/en\/#organization"},"alternateName":"JO&JOE Budapest","potentialAction":[{"@type":"SearchAction","target":{"@type":"EntryPoint","urlTemplate":"https:\/\/www.joandjoe.com\/budapest\/en\/?s={search_term_string}"},"query-input":"required name=search_term_string"}],"inLanguage":"hu"},{"@type":"Organization","@id":"https:\/\/www.joandjoe.com\/budapest\/en\/#organization","name":"Hossegor","url":"https:\/\/www.joandjoe.com\/budapest\/en\/","logo":{"@type":"ImageObject","inLanguage":"hu","@id":"https:\/\/www.joandjoe.com\/budapest\/en\/#\/schema\/logo\/image\/","url":"https:\/\/www.joandjoe.com\/budapest\/wp-content\/uploads\/sites\/13\/2023\/02\/hossegor-logo.png","contentUrl":"https:\/\/www.joandjoe.com\/budapest\/wp-content\/uploads\/sites\/13\/2023\/02\/hossegor-logo.png","width":700,"height":700,"caption":"Hossegor"},"image":{"@id":"https:\/\/www.joandjoe.com\/budapest\/en\/#\/schema\/logo\/image\/"}}]}},"_links":{"self":[{"href":"https:\/\/www.joandjoe.com\/budapest\/hu\/wp-json\/wp\/v2\/pages\/2497"}],"collection":[{"href":"https:\/\/www.joandjoe.com\/budapest\/hu\/wp-json\/wp\/v2\/pages"}],"about":[{"href":"https:\/\/www.joandjoe.com\/budapest\/hu\/wp-json\/wp\/v2\/types\/page"}],"author":[{"embeddable":true,"href":"https:\/\/www.joandjoe.com\/budapest\/hu\/wp-json\/wp\/v2\/users\/3"}],"replies":[{"embeddable":true,"href":"https:\/\/www.joandjoe.com\/budapest\/hu\/wp-json\/wp\/v2\/comments?post=2497"}],"version-history":[{"count":0,"href":"https:\/\/www.joandjoe.com\/budapest\/hu\/wp-json\/wp\/v2\/pages\/2497\/revisions"}],"wp:featuredmedia":[{"embeddable":true,"href":"https:\/\/www.joandjoe.com\/budapest\/hu\/wp-json\/wp\/v2\/media\/3320"}],"wp:attachment":[{"href":"https:\/\/www.joandjoe.com\/budapest\/hu\/wp-json\/wp\/v2\/media?parent=2497"}],"curies":[{"name":"wp","href":"https:\/\/api.w.org\/{rel}","templated":true}]}}