{"id":2537,"date":"2023-02-26T15:44:31","date_gmt":"2023-02-26T13:44:31","guid":{"rendered":"https:\/\/www.joandjoe.com\/budapest\/contact\/"},"modified":"2025-12-11T18:12:27","modified_gmt":"2025-12-11T16:12:27","slug":"contact","status":"publish","type":"page","link":"https:\/\/www.joandjoe.com\/budapest\/hu\/contact\/","title":{"rendered":"Kapcsolat"},"content":{"rendered":"","protected":false},"excerpt":{"rendered":"","protected":false},"author":3,"featured_media":3173,"parent":0,"menu_order":0,"comment_status":"closed","ping_status":"closed","template":"templates\/template-contact-dest.php","meta":{"footnotes":""},"acf":[],"yoast_head":"<!-- This site is optimized with the Yoast SEO plugin v21.5 - https:\/\/yoast.com\/wordpress\/plugins\/seo\/ -->\n<title>Kapcsolat - JO&amp;JOE Budapest<\/title>\n<meta name=\"description\" content=\"Tapasztalja meg a JO&amp;JOE \u00faj st\u00edlus\u00fa hostel\u00e9t megfizethet\u0151 sz\u00e1ll\u00e1sokkal, autentikus \u00e9ttermekkel \u00e9s diz\u00e1jner b\u00e1rokkal.\" \/>\n<meta name=\"robots\" content=\"index, follow, max-snippet:-1, max-image-preview:large, max-video-preview:-1\" \/>\n<link rel=\"canonical\" href=\"https:\/\/www.joandjoe.com\/budapest\/hu\/contact\/\" \/>\n<meta property=\"og:locale\" content=\"hu_HU\" \/>\n<meta property=\"og:type\" content=\"article\" \/>\n<meta property=\"og:title\" content=\"Kapcsolat - JO&amp;JOE Budapest\" \/>\n<meta property=\"og:description\" content=\"Tapasztalja meg a JO&amp;JOE \u00faj st\u00edlus\u00fa hostel\u00e9t megfizethet\u0151 sz\u00e1ll\u00e1sokkal, autentikus \u00e9ttermekkel \u00e9s diz\u00e1jner b\u00e1rokkal.\" \/>\n<meta property=\"og:url\" content=\"https:\/\/www.joandjoe.com\/budapest\/hu\/contact\/\" \/>\n<meta property=\"og:site_name\" content=\"JO&amp;JOE Budapest\" \/>\n<meta property=\"article:modified_time\" content=\"2025-12-11T16:12:27+00:00\" \/>\n<meta property=\"og:image\" content=\"https:\/\/www.joandjoe.com\/budapest\/wp-content\/uploads\/sites\/13\/2025\/09\/JoJoe_Budapest-036.jpg\" \/>\n\t<meta property=\"og:image:width\" content=\"1512\" \/>\n\t<meta property=\"og:image:height\" content=\"1008\" \/>\n\t<meta property=\"og:image:type\" content=\"image\/jpeg\" \/>\n<meta name=\"twitter:card\" content=\"summary_large_image\" \/>\n<!-- \/ Yoast SEO plugin. -->","yoast_head_json":{"title":"Kapcsolat - JO&amp;JOE Budapest","description":"Tapasztalja meg a JO&JOE \u00faj st\u00edlus\u00fa hostel\u00e9t megfizethet\u0151 sz\u00e1ll\u00e1sokkal, autentikus \u00e9ttermekkel \u00e9s diz\u00e1jner b\u00e1rokkal.","robots":{"index":"index","follow":"follow","max-snippet":"max-snippet:-1","max-image-preview":"max-image-preview:large","max-video-preview":"max-video-preview:-1"},"canonical":"https:\/\/www.joandjoe.com\/budapest\/hu\/contact\/","og_locale":"hu_HU","og_type":"article","og_title":"Kapcsolat - JO&amp;JOE Budapest","og_description":"Tapasztalja meg a JO&JOE \u00faj st\u00edlus\u00fa hostel\u00e9t megfizethet\u0151 sz\u00e1ll\u00e1sokkal, autentikus \u00e9ttermekkel \u00e9s diz\u00e1jner b\u00e1rokkal.","og_url":"https:\/\/www.joandjoe.com\/budapest\/hu\/contact\/","og_site_name":"JO&amp;JOE Budapest","article_modified_time":"2025-12-11T16:12:27+00:00","og_image":[{"width":1512,"height":1008,"url":"https:\/\/www.joandjoe.com\/budapest\/wp-content\/uploads\/sites\/13\/2025\/09\/JoJoe_Budapest-036.jpg","type":"image\/jpeg"}],"twitter_card":"summary_large_image","schema":{"@context":"https:\/\/schema.org","@graph":[{"@type":"WebPage","@id":"https:\/\/www.joandjoe.com\/budapest\/hu\/contact\/","url":"https:\/\/www.joandjoe.com\/budapest\/hu\/contact\/","name":"Kapcsolat - JO&amp;JOE Budapest","isPartOf":{"@id":"https:\/\/www.joandjoe.com\/budapest\/en\/#website"},"datePublished":"2023-02-26T13:44:31+00:00","dateModified":"2025-12-11T16:12:27+00:00","description":"Tapasztalja meg a JO&JOE \u00faj st\u00edlus\u00fa hostel\u00e9t megfizethet\u0151 sz\u00e1ll\u00e1sokkal, autentikus \u00e9ttermekkel \u00e9s diz\u00e1jner b\u00e1rokkal.","breadcrumb":{"@id":"https:\/\/www.joandjoe.com\/budapest\/hu\/contact\/#breadcrumb"},"inLanguage":"hu","potentialAction":[{"@type":"ReadAction","target":["https:\/\/www.joandjoe.com\/budapest\/hu\/contact\/"]}]},{"@type":"BreadcrumbList","@id":"https:\/\/www.joandjoe.com\/budapest\/hu\/contact\/#breadcrumb","itemListElement":[{"@type":"ListItem","position":1,"name":"Home","item":"https:\/\/www.joandjoe.com\/budapest\/hu\/homepage\/"},{"@type":"ListItem","position":2,"name":"Kapcsolat"}]},{"@type":"WebSite","@id":"https:\/\/www.joandjoe.com\/budapest\/en\/#website","url":"https:\/\/www.joandjoe.com\/budapest\/en\/","name":"JO&JOE Budapest","description":"Stay at JO&amp;JOE Budapest","publisher":{"@id":"https:\/\/www.joandjoe.com\/budapest\/en\/#organization"},"alternateName":"JO&JOE Budapest","potentialAction":[{"@type":"SearchAction","target":{"@type":"EntryPoint","urlTemplate":"https:\/\/www.joandjoe.com\/budapest\/en\/?s={search_term_string}"},"query-input":"required name=search_term_string"}],"inLanguage":"hu"},{"@type":"Organization","@id":"https:\/\/www.joandjoe.com\/budapest\/en\/#organization","name":"Hossegor","url":"https:\/\/www.joandjoe.com\/budapest\/en\/","logo":{"@type":"ImageObject","inLanguage":"hu","@id":"https:\/\/www.joandjoe.com\/budapest\/en\/#\/schema\/logo\/image\/","url":"https:\/\/www.joandjoe.com\/budapest\/wp-content\/uploads\/sites\/13\/2023\/02\/hossegor-logo.png","contentUrl":"https:\/\/www.joandjoe.com\/budapest\/wp-content\/uploads\/sites\/13\/2023\/02\/hossegor-logo.png","width":700,"height":700,"caption":"Hossegor"},"image":{"@id":"https:\/\/www.joandjoe.com\/budapest\/en\/#\/schema\/logo\/image\/"}}]}},"_links":{"self":[{"href":"https:\/\/www.joandjoe.com\/budapest\/hu\/wp-json\/wp\/v2\/pages\/2537"}],"collection":[{"href":"https:\/\/www.joandjoe.com\/budapest\/hu\/wp-json\/wp\/v2\/pages"}],"about":[{"href":"https:\/\/www.joandjoe.com\/budapest\/hu\/wp-json\/wp\/v2\/types\/page"}],"author":[{"embeddable":true,"href":"https:\/\/www.joandjoe.com\/budapest\/hu\/wp-json\/wp\/v2\/users\/3"}],"replies":[{"embeddable":true,"href":"https:\/\/www.joandjoe.com\/budapest\/hu\/wp-json\/wp\/v2\/comments?post=2537"}],"version-history":[{"count":0,"href":"https:\/\/www.joandjoe.com\/budapest\/hu\/wp-json\/wp\/v2\/pages\/2537\/revisions"}],"wp:featuredmedia":[{"embeddable":true,"href":"https:\/\/www.joandjoe.com\/budapest\/hu\/wp-json\/wp\/v2\/media\/3173"}],"wp:attachment":[{"href":"https:\/\/www.joandjoe.com\/budapest\/hu\/wp-json\/wp\/v2\/media?parent=2537"}],"curies":[{"name":"wp","href":"https:\/\/api.w.org\/{rel}","templated":true}]}}