{"id":1417,"date":"2023-02-24T17:01:12","date_gmt":"2023-02-24T17:01:12","guid":{"rendered":"https:\/\/www.joandjoe.com\/erfahrungen\/"},"modified":"2024-09-02T09:23:56","modified_gmt":"2024-09-02T09:23:56","slug":"dig-deeper","status":"publish","type":"page","link":"https:\/\/www.joandjoe.com\/de\/dig-deeper\/","title":{"rendered":"ERFAHRUNGEN"},"content":{"rendered":"","protected":false},"excerpt":{"rendered":"","protected":false},"author":3,"featured_media":1253,"parent":0,"menu_order":0,"comment_status":"closed","ping_status":"closed","template":"","meta":{"footnotes":""},"acf":[],"yoast_head":"<!-- This site is optimized with the Yoast SEO plugin v21.5 - https:\/\/yoast.com\/wordpress\/plugins\/seo\/ -->\n<title>City Guide: m\u00fcssen tun und sehen - JO&amp;JOE<\/title>\n<meta name=\"description\" content=\"Alle Aktivit\u00e4ten und Entdeckungsm\u00f6glichkeiten rund um JO&amp;JOE . . Befolgen Sie unsere Adressvorschl\u00e4ge, um ein umfassendes Erlebnis zu haben.\" \/>\n<meta name=\"robots\" content=\"index, follow, max-snippet:-1, max-image-preview:large, max-video-preview:-1\" \/>\n<link rel=\"canonical\" href=\"https:\/\/www.joandjoe.com\/de\/dig-deeper\/\" \/>\n<meta property=\"og:locale\" content=\"de_DE\" \/>\n<meta property=\"og:type\" content=\"article\" \/>\n<meta property=\"og:title\" content=\"City Guide: m\u00fcssen tun und sehen - JO&amp;JOE\" \/>\n<meta property=\"og:description\" content=\"Alle Aktivit\u00e4ten und Entdeckungsm\u00f6glichkeiten rund um JO&amp;JOE . . Befolgen Sie unsere Adressvorschl\u00e4ge, um ein umfassendes Erlebnis zu haben.\" \/>\n<meta property=\"og:url\" content=\"https:\/\/www.joandjoe.com\/de\/dig-deeper\/\" \/>\n<meta property=\"og:site_name\" content=\"JO&amp;JOE\" \/>\n<meta property=\"article:modified_time\" content=\"2024-09-02T09:23:56+00:00\" \/>\n<meta property=\"og:image\" content=\"https:\/\/www.joandjoe.com\/wp-content\/uploads\/2023\/03\/Vienna-careers.jpg\" \/>\n\t<meta property=\"og:image:width\" content=\"1500\" \/>\n\t<meta property=\"og:image:height\" content=\"1000\" \/>\n\t<meta property=\"og:image:type\" content=\"image\/jpeg\" \/>\n<meta name=\"twitter:card\" content=\"summary_large_image\" \/>\n<!-- \/ Yoast SEO plugin. -->","yoast_head_json":{"title":"City Guide: m\u00fcssen tun und sehen - JO&amp;JOE","description":"Alle Aktivit\u00e4ten und Entdeckungsm\u00f6glichkeiten rund um JO&amp;JOE . . Befolgen Sie unsere Adressvorschl\u00e4ge, um ein umfassendes Erlebnis zu haben.","robots":{"index":"index","follow":"follow","max-snippet":"max-snippet:-1","max-image-preview":"max-image-preview:large","max-video-preview":"max-video-preview:-1"},"canonical":"https:\/\/www.joandjoe.com\/de\/dig-deeper\/","og_locale":"de_DE","og_type":"article","og_title":"City Guide: m\u00fcssen tun und sehen - JO&amp;JOE","og_description":"Alle Aktivit\u00e4ten und Entdeckungsm\u00f6glichkeiten rund um JO&amp;JOE . . Befolgen Sie unsere Adressvorschl\u00e4ge, um ein umfassendes Erlebnis zu haben.","og_url":"https:\/\/www.joandjoe.com\/de\/dig-deeper\/","og_site_name":"JO&amp;JOE","article_modified_time":"2024-09-02T09:23:56+00:00","og_image":[{"width":1500,"height":1000,"url":"https:\/\/www.joandjoe.com\/wp-content\/uploads\/2023\/03\/Vienna-careers.jpg","type":"image\/jpeg"}],"twitter_card":"summary_large_image","schema":{"@context":"https:\/\/schema.org","@graph":[{"@type":"WebPage","@id":"https:\/\/www.joandjoe.com\/de\/dig-deeper\/","url":"https:\/\/www.joandjoe.com\/de\/dig-deeper\/","name":"City Guide: m\u00fcssen tun und sehen - JO&amp;JOE","isPartOf":{"@id":"https:\/\/www.joandjoe.com\/en\/#website"},"datePublished":"2023-02-24T17:01:12+00:00","dateModified":"2024-09-02T09:23:56+00:00","description":"Alle Aktivit\u00e4ten und Entdeckungsm\u00f6glichkeiten rund um JO&amp;JOE . . Befolgen Sie unsere Adressvorschl\u00e4ge, um ein umfassendes Erlebnis zu haben.","breadcrumb":{"@id":"https:\/\/www.joandjoe.com\/de\/dig-deeper\/#breadcrumb"},"inLanguage":"de-DE","potentialAction":[{"@type":"ReadAction","target":["https:\/\/www.joandjoe.com\/de\/dig-deeper\/"]}]},{"@type":"BreadcrumbList","@id":"https:\/\/www.joandjoe.com\/de\/dig-deeper\/#breadcrumb","itemListElement":[{"@type":"ListItem","position":1,"name":"Home","item":"https:\/\/www.joandjoe.com\/de\/start\/"},{"@type":"ListItem","position":2,"name":"ERFAHRUNGEN"}]},{"@type":"WebSite","@id":"https:\/\/www.joandjoe.com\/en\/#website","url":"https:\/\/www.joandjoe.com\/en\/","name":"JO&amp;JOE","description":"Get ready for an immersive experience! Discover a new lifestyle with unusual accommodation, an authentic restaurant and designer bar with Jo&amp;Joe.","publisher":{"@id":"https:\/\/www.joandjoe.com\/en\/#organization"},"potentialAction":[{"@type":"SearchAction","target":{"@type":"EntryPoint","urlTemplate":"https:\/\/www.joandjoe.com\/en\/?s={search_term_string}"},"query-input":"required name=search_term_string"}],"inLanguage":"de-DE"},{"@type":"Organization","@id":"https:\/\/www.joandjoe.com\/en\/#organization","name":"JO&amp;JOE","url":"https:\/\/www.joandjoe.com\/en\/","logo":{"@type":"ImageObject","inLanguage":"de-DE","@id":"https:\/\/www.joandjoe.com\/en\/#\/schema\/logo\/image\/","url":"https:\/\/www.joandjoe.com\/wp-content\/uploads\/2023\/02\/brand.png","contentUrl":"https:\/\/www.joandjoe.com\/wp-content\/uploads\/2023\/02\/brand.png","width":240,"height":240,"caption":"JO&amp;JOE"},"image":{"@id":"https:\/\/www.joandjoe.com\/en\/#\/schema\/logo\/image\/"}}]}},"_links":{"self":[{"href":"https:\/\/www.joandjoe.com\/de\/wp-json\/wp\/v2\/pages\/1417"}],"collection":[{"href":"https:\/\/www.joandjoe.com\/de\/wp-json\/wp\/v2\/pages"}],"about":[{"href":"https:\/\/www.joandjoe.com\/de\/wp-json\/wp\/v2\/types\/page"}],"author":[{"embeddable":true,"href":"https:\/\/www.joandjoe.com\/de\/wp-json\/wp\/v2\/users\/3"}],"replies":[{"embeddable":true,"href":"https:\/\/www.joandjoe.com\/de\/wp-json\/wp\/v2\/comments?post=1417"}],"version-history":[{"count":0,"href":"https:\/\/www.joandjoe.com\/de\/wp-json\/wp\/v2\/pages\/1417\/revisions"}],"wp:featuredmedia":[{"embeddable":true,"href":"https:\/\/www.joandjoe.com\/de\/wp-json\/wp\/v2\/media\/1253"}],"wp:attachment":[{"href":"https:\/\/www.joandjoe.com\/de\/wp-json\/wp\/v2\/media?parent=1417"}],"curies":[{"name":"wp","href":"https:\/\/api.w.org\/{rel}","templated":true}]}}