{"id":1443,"date":"2023-02-20T16:52:08","date_gmt":"2023-02-20T16:52:08","guid":{"rendered":"https:\/\/www.joandjoe.com\/destinations\/"},"modified":"2023-04-25T09:35:52","modified_gmt":"2023-04-25T09:35:52","slug":"destinations","status":"publish","type":"page","link":"https:\/\/www.joandjoe.com\/fr\/destinations\/","title":{"rendered":"Destinations"},"content":{"rendered":"","protected":false},"excerpt":{"rendered":"","protected":false},"author":3,"featured_media":0,"parent":0,"menu_order":0,"comment_status":"closed","ping_status":"closed","template":"","meta":{"footnotes":""},"acf":[],"yoast_head":"<!-- This site is optimized with the Yoast SEO plugin v21.5 - https:\/\/yoast.com\/wordpress\/plugins\/seo\/ -->\n<title>Des lieux uniques \u00e0 d\u00e9couvrir dans le monde entier - JO&amp;JOE<\/title>\n<meta name=\"description\" content=\"Retrouvez tous les JO&amp;JOE avec h\u00e9bergements insolites et design et d\u00e9couvrez nos prochaines ouvertures.\" \/>\n<meta name=\"robots\" content=\"index, follow, max-snippet:-1, max-image-preview:large, max-video-preview:-1\" \/>\n<link rel=\"canonical\" href=\"https:\/\/www.joandjoe.com\/fr\/destinations\/\" \/>\n<meta property=\"og:locale\" content=\"fr_FR\" \/>\n<meta property=\"og:type\" content=\"article\" \/>\n<meta property=\"og:title\" content=\"Des lieux uniques \u00e0 d\u00e9couvrir dans le monde entier - JO&amp;JOE\" \/>\n<meta property=\"og:description\" content=\"Retrouvez tous les JO&amp;JOE avec h\u00e9bergements insolites et design et d\u00e9couvrez nos prochaines ouvertures.\" \/>\n<meta property=\"og:url\" content=\"https:\/\/www.joandjoe.com\/fr\/destinations\/\" \/>\n<meta property=\"og:site_name\" content=\"JO&amp;JOE\" \/>\n<meta property=\"article:modified_time\" content=\"2023-04-25T09:35:52+00:00\" \/>\n<meta property=\"og:image\" content=\"https:\/\/www.joandjoe.com\/wp-content\/uploads\/2023\/02\/brand.png\" \/>\n\t<meta property=\"og:image:width\" content=\"240\" \/>\n\t<meta property=\"og:image:height\" content=\"240\" \/>\n\t<meta property=\"og:image:type\" content=\"image\/png\" \/>\n<meta name=\"twitter:card\" content=\"summary_large_image\" \/>\n<!-- \/ Yoast SEO plugin. -->","yoast_head_json":{"title":"Des lieux uniques \u00e0 d\u00e9couvrir dans le monde entier - JO&JOE","description":"Retrouvez tous les JO&JOE avec h\u00e9bergements insolites et design et d\u00e9couvrez nos prochaines ouvertures.","robots":{"index":"index","follow":"follow","max-snippet":"max-snippet:-1","max-image-preview":"max-image-preview:large","max-video-preview":"max-video-preview:-1"},"canonical":"https:\/\/www.joandjoe.com\/fr\/destinations\/","og_locale":"fr_FR","og_type":"article","og_title":"Des lieux uniques \u00e0 d\u00e9couvrir dans le monde entier - JO&JOE","og_description":"Retrouvez tous les JO&JOE avec h\u00e9bergements insolites et design et d\u00e9couvrez nos prochaines ouvertures.","og_url":"https:\/\/www.joandjoe.com\/fr\/destinations\/","og_site_name":"JO&amp;JOE","article_modified_time":"2023-04-25T09:35:52+00:00","og_image":[{"width":240,"height":240,"url":"https:\/\/www.joandjoe.com\/wp-content\/uploads\/2023\/02\/brand.png","type":"image\/png"}],"twitter_card":"summary_large_image","schema":{"@context":"https:\/\/schema.org","@graph":[{"@type":"WebPage","@id":"https:\/\/www.joandjoe.com\/fr\/destinations\/","url":"https:\/\/www.joandjoe.com\/fr\/destinations\/","name":"Des lieux uniques \u00e0 d\u00e9couvrir dans le monde entier - JO&JOE","isPartOf":{"@id":"https:\/\/www.joandjoe.com\/en\/#website"},"datePublished":"2023-02-20T16:52:08+00:00","dateModified":"2023-04-25T09:35:52+00:00","description":"Retrouvez tous les JO&JOE avec h\u00e9bergements insolites et design et d\u00e9couvrez nos prochaines ouvertures.","breadcrumb":{"@id":"https:\/\/www.joandjoe.com\/fr\/destinations\/#breadcrumb"},"inLanguage":"fr-FR","potentialAction":[{"@type":"ReadAction","target":["https:\/\/www.joandjoe.com\/fr\/destinations\/"]}]},{"@type":"BreadcrumbList","@id":"https:\/\/www.joandjoe.com\/fr\/destinations\/#breadcrumb","itemListElement":[{"@type":"ListItem","position":1,"name":"Home","item":"https:\/\/www.joandjoe.com\/fr\/accueil\/"},{"@type":"ListItem","position":2,"name":"Destinations"}]},{"@type":"WebSite","@id":"https:\/\/www.joandjoe.com\/en\/#website","url":"https:\/\/www.joandjoe.com\/en\/","name":"JO&amp;JOE","description":"Get ready for an immersive experience! Discover a new lifestyle with unusual accommodation, an authentic restaurant and designer bar with Jo&amp;Joe.","publisher":{"@id":"https:\/\/www.joandjoe.com\/en\/#organization"},"potentialAction":[{"@type":"SearchAction","target":{"@type":"EntryPoint","urlTemplate":"https:\/\/www.joandjoe.com\/en\/?s={search_term_string}"},"query-input":"required name=search_term_string"}],"inLanguage":"fr-FR"},{"@type":"Organization","@id":"https:\/\/www.joandjoe.com\/en\/#organization","name":"JO&amp;JOE","url":"https:\/\/www.joandjoe.com\/en\/","logo":{"@type":"ImageObject","inLanguage":"fr-FR","@id":"https:\/\/www.joandjoe.com\/en\/#\/schema\/logo\/image\/","url":"https:\/\/www.joandjoe.com\/wp-content\/uploads\/2023\/02\/brand.png","contentUrl":"https:\/\/www.joandjoe.com\/wp-content\/uploads\/2023\/02\/brand.png","width":240,"height":240,"caption":"JO&amp;JOE"},"image":{"@id":"https:\/\/www.joandjoe.com\/en\/#\/schema\/logo\/image\/"}}]}},"_links":{"self":[{"href":"https:\/\/www.joandjoe.com\/fr\/wp-json\/wp\/v2\/pages\/1443"}],"collection":[{"href":"https:\/\/www.joandjoe.com\/fr\/wp-json\/wp\/v2\/pages"}],"about":[{"href":"https:\/\/www.joandjoe.com\/fr\/wp-json\/wp\/v2\/types\/page"}],"author":[{"embeddable":true,"href":"https:\/\/www.joandjoe.com\/fr\/wp-json\/wp\/v2\/users\/3"}],"replies":[{"embeddable":true,"href":"https:\/\/www.joandjoe.com\/fr\/wp-json\/wp\/v2\/comments?post=1443"}],"version-history":[{"count":0,"href":"https:\/\/www.joandjoe.com\/fr\/wp-json\/wp\/v2\/pages\/1443\/revisions"}],"wp:attachment":[{"href":"https:\/\/www.joandjoe.com\/fr\/wp-json\/wp\/v2\/media?parent=1443"}],"curies":[{"name":"wp","href":"https:\/\/api.w.org\/{rel}","templated":true}]}}