{"id":1174,"date":"2023-02-26T15:46:10","date_gmt":"2023-02-26T13:46:10","guid":{"rendered":"https:\/\/www.joandjoe.com\/hossegor\/faq\/"},"modified":"2024-04-30T10:11:10","modified_gmt":"2024-04-30T08:11:10","slug":"faq","status":"publish","type":"page","link":"https:\/\/www.joandjoe.com\/hossegor\/fr\/faq\/","title":{"rendered":"Questions fr\u00e9quentes"},"content":{"rendered":"","protected":false},"excerpt":{"rendered":"","protected":false},"author":3,"featured_media":0,"parent":0,"menu_order":0,"comment_status":"closed","ping_status":"closed","template":"","meta":{"footnotes":""},"acf":[],"yoast_head":"<!-- This site is optimized with the Yoast SEO plugin v21.5 - https:\/\/yoast.com\/wordpress\/plugins\/seo\/ -->\n<title>Trouvez toutes les r\u00e9ponses \u00e0 vos questions - JO&amp;JOE Hossegor<\/title>\n<meta name=\"description\" content=\"Questions fr\u00e9quentes - Toutes les r\u00e9ponses \u00e0 vos questions avant de venir au JO&amp;JOE Hossegor.\" \/>\n<meta name=\"robots\" content=\"index, follow, max-snippet:-1, max-image-preview:large, max-video-preview:-1\" \/>\n<link rel=\"canonical\" href=\"https:\/\/www.joandjoe.com\/hossegor\/fr\/faq\/\" \/>\n<meta property=\"og:locale\" content=\"fr_FR\" \/>\n<meta property=\"og:type\" content=\"article\" \/>\n<meta property=\"og:title\" content=\"Trouvez toutes les r\u00e9ponses \u00e0 vos questions - JO&amp;JOE Hossegor\" \/>\n<meta property=\"og:description\" content=\"Questions fr\u00e9quentes - Toutes les r\u00e9ponses \u00e0 vos questions avant de venir au JO&amp;JOE Hossegor.\" \/>\n<meta property=\"og:url\" content=\"https:\/\/www.joandjoe.com\/hossegor\/fr\/faq\/\" \/>\n<meta property=\"og:site_name\" content=\"JO&amp;JOE Hossegor\" \/>\n<meta property=\"article:modified_time\" content=\"2024-04-30T08:11:10+00:00\" \/>\n<meta property=\"og:image\" content=\"https:\/\/www.joandjoe.com\/hossegor\/wp-content\/uploads\/sites\/6\/2023\/02\/hossegor-logo.png\" \/>\n\t<meta property=\"og:image:width\" content=\"700\" \/>\n\t<meta property=\"og:image:height\" content=\"700\" \/>\n\t<meta property=\"og:image:type\" content=\"image\/png\" \/>\n<meta name=\"twitter:card\" content=\"summary_large_image\" \/>\n<!-- \/ Yoast SEO plugin. -->","yoast_head_json":{"title":"Trouvez toutes les r\u00e9ponses \u00e0 vos questions - JO&amp;JOE Hossegor","description":"Questions fr\u00e9quentes - Toutes les r\u00e9ponses \u00e0 vos questions avant de venir au JO&amp;JOE Hossegor.","robots":{"index":"index","follow":"follow","max-snippet":"max-snippet:-1","max-image-preview":"max-image-preview:large","max-video-preview":"max-video-preview:-1"},"canonical":"https:\/\/www.joandjoe.com\/hossegor\/fr\/faq\/","og_locale":"fr_FR","og_type":"article","og_title":"Trouvez toutes les r\u00e9ponses \u00e0 vos questions - JO&amp;JOE Hossegor","og_description":"Questions fr\u00e9quentes - Toutes les r\u00e9ponses \u00e0 vos questions avant de venir au JO&amp;JOE Hossegor.","og_url":"https:\/\/www.joandjoe.com\/hossegor\/fr\/faq\/","og_site_name":"JO&amp;JOE Hossegor","article_modified_time":"2024-04-30T08:11:10+00:00","og_image":[{"width":700,"height":700,"url":"https:\/\/www.joandjoe.com\/hossegor\/wp-content\/uploads\/sites\/6\/2023\/02\/hossegor-logo.png","type":"image\/png"}],"twitter_card":"summary_large_image","schema":{"@context":"https:\/\/schema.org","@graph":[{"@type":"WebPage","@id":"https:\/\/www.joandjoe.com\/hossegor\/fr\/faq\/","url":"https:\/\/www.joandjoe.com\/hossegor\/fr\/faq\/","name":"Trouvez toutes les r\u00e9ponses \u00e0 vos questions - JO&amp;JOE Hossegor","isPartOf":{"@id":"https:\/\/www.joandjoe.com\/hossegor\/en\/#website"},"datePublished":"2023-02-26T13:46:10+00:00","dateModified":"2024-04-30T08:11:10+00:00","description":"Questions fr\u00e9quentes - Toutes les r\u00e9ponses \u00e0 vos questions avant de venir au JO&amp;JOE Hossegor.","breadcrumb":{"@id":"https:\/\/www.joandjoe.com\/hossegor\/fr\/faq\/#breadcrumb"},"inLanguage":"fr-FR","potentialAction":[{"@type":"ReadAction","target":["https:\/\/www.joandjoe.com\/hossegor\/fr\/faq\/"]}]},{"@type":"BreadcrumbList","@id":"https:\/\/www.joandjoe.com\/hossegor\/fr\/faq\/#breadcrumb","itemListElement":[{"@type":"ListItem","position":1,"name":"Home","item":"https:\/\/www.joandjoe.com\/hossegor\/fr\/homepage\/"},{"@type":"ListItem","position":2,"name":"Questions fr\u00e9quentes"}]},{"@type":"WebSite","@id":"https:\/\/www.joandjoe.com\/hossegor\/en\/#website","url":"https:\/\/www.joandjoe.com\/hossegor\/en\/","name":"Hossegor","description":"Hossegor the place to surf and party","publisher":{"@id":"https:\/\/www.joandjoe.com\/hossegor\/en\/#organization"},"potentialAction":[{"@type":"SearchAction","target":{"@type":"EntryPoint","urlTemplate":"https:\/\/www.joandjoe.com\/hossegor\/en\/?s={search_term_string}"},"query-input":"required name=search_term_string"}],"inLanguage":"fr-FR"},{"@type":"Organization","@id":"https:\/\/www.joandjoe.com\/hossegor\/en\/#organization","name":"Hossegor","url":"https:\/\/www.joandjoe.com\/hossegor\/en\/","logo":{"@type":"ImageObject","inLanguage":"fr-FR","@id":"https:\/\/www.joandjoe.com\/hossegor\/en\/#\/schema\/logo\/image\/","url":"https:\/\/www.joandjoe.com\/hossegor\/wp-content\/uploads\/sites\/6\/2023\/02\/hossegor-logo.png","contentUrl":"https:\/\/www.joandjoe.com\/hossegor\/wp-content\/uploads\/sites\/6\/2023\/02\/hossegor-logo.png","width":700,"height":700,"caption":"Hossegor"},"image":{"@id":"https:\/\/www.joandjoe.com\/hossegor\/en\/#\/schema\/logo\/image\/"}}]}},"_links":{"self":[{"href":"https:\/\/www.joandjoe.com\/hossegor\/fr\/wp-json\/wp\/v2\/pages\/1174"}],"collection":[{"href":"https:\/\/www.joandjoe.com\/hossegor\/fr\/wp-json\/wp\/v2\/pages"}],"about":[{"href":"https:\/\/www.joandjoe.com\/hossegor\/fr\/wp-json\/wp\/v2\/types\/page"}],"author":[{"embeddable":true,"href":"https:\/\/www.joandjoe.com\/hossegor\/fr\/wp-json\/wp\/v2\/users\/3"}],"replies":[{"embeddable":true,"href":"https:\/\/www.joandjoe.com\/hossegor\/fr\/wp-json\/wp\/v2\/comments?post=1174"}],"version-history":[{"count":0,"href":"https:\/\/www.joandjoe.com\/hossegor\/fr\/wp-json\/wp\/v2\/pages\/1174\/revisions"}],"wp:attachment":[{"href":"https:\/\/www.joandjoe.com\/hossegor\/fr\/wp-json\/wp\/v2\/media?parent=1174"}],"curies":[{"name":"wp","href":"https:\/\/api.w.org\/{rel}","templated":true}]}}