{"id":1092,"date":"2023-02-20T14:07:11","date_gmt":"2023-02-20T12:07:11","guid":{"rendered":"https:\/\/www.joandjoe.com\/hossegor\/homepage\/"},"modified":"2025-11-10T15:38:21","modified_gmt":"2025-11-10T13:38:21","slug":"pagina-inicial","status":"publish","type":"page","link":"https:\/\/www.joandjoe.com\/hossegor\/pt-br\/","title":{"rendered":"P\u00e1gina inicial"},"content":{"rendered":"","protected":false},"excerpt":{"rendered":"","protected":false},"author":2,"featured_media":0,"parent":0,"menu_order":0,"comment_status":"closed","ping_status":"closed","template":"","meta":{"footnotes":""},"acf":[],"yoast_head":"<!-- This site is optimized with the Yoast SEO plugin v21.5 - https:\/\/yoast.com\/wordpress\/plugins\/seo\/ -->\n<title>Hostel em JO&amp;JOE Hossegor : Acolhedor, elegante e barato<\/title>\n<meta name=\"description\" content=\"Descubra um novo estilo de hostel em JO&amp;JOE Hossegor com acomoda\u00e7\u00f5es econ\u00f4micas, restaurantes aut\u00eanticos e bares modernos com JO&amp;JOE.\" \/>\n<meta name=\"robots\" content=\"index, follow, max-snippet:-1, max-image-preview:large, max-video-preview:-1\" \/>\n<link rel=\"canonical\" href=\"https:\/\/www.joandjoe.com\/hossegor\/pt-br\/pagina-inicial\/\" \/>\n<meta property=\"og:locale\" content=\"pt_BR\" \/>\n<meta property=\"og:type\" content=\"article\" \/>\n<meta property=\"og:title\" content=\"Hostel em JO&amp;JOE Hossegor : Acolhedor, elegante e barato\" \/>\n<meta property=\"og:description\" content=\"Descubra um novo estilo de hostel em JO&amp;JOE Hossegor com acomoda\u00e7\u00f5es econ\u00f4micas, restaurantes aut\u00eanticos e bares modernos com JO&amp;JOE.\" \/>\n<meta property=\"og:url\" content=\"https:\/\/www.joandjoe.com\/hossegor\/pt-br\/pagina-inicial\/\" \/>\n<meta property=\"og:site_name\" content=\"JO&amp;JOE Hossegor\" \/>\n<meta property=\"article:modified_time\" content=\"2025-11-10T13:38:21+00:00\" \/>\n<meta property=\"og:image\" content=\"https:\/\/www.joandjoe.com\/hossegor\/wp-content\/uploads\/sites\/6\/2023\/02\/hossegor-logo.png\" \/>\n\t<meta property=\"og:image:width\" content=\"700\" \/>\n\t<meta property=\"og:image:height\" content=\"700\" \/>\n\t<meta property=\"og:image:type\" content=\"image\/png\" \/>\n<meta name=\"twitter:card\" content=\"summary_large_image\" \/>\n<!-- \/ Yoast SEO plugin. -->","yoast_head_json":{"title":"Hostel em JO&amp;JOE Hossegor : Acolhedor, elegante e barato","description":"Descubra um novo estilo de hostel em JO&amp;JOE Hossegor com acomoda\u00e7\u00f5es econ\u00f4micas, restaurantes aut\u00eanticos e bares modernos com JO&JOE.","robots":{"index":"index","follow":"follow","max-snippet":"max-snippet:-1","max-image-preview":"max-image-preview:large","max-video-preview":"max-video-preview:-1"},"canonical":"https:\/\/www.joandjoe.com\/hossegor\/pt-br\/pagina-inicial\/","og_locale":"pt_BR","og_type":"article","og_title":"Hostel em JO&amp;JOE Hossegor : Acolhedor, elegante e barato","og_description":"Descubra um novo estilo de hostel em JO&amp;JOE Hossegor com acomoda\u00e7\u00f5es econ\u00f4micas, restaurantes aut\u00eanticos e bares modernos com JO&JOE.","og_url":"https:\/\/www.joandjoe.com\/hossegor\/pt-br\/pagina-inicial\/","og_site_name":"JO&amp;JOE Hossegor","article_modified_time":"2025-11-10T13:38:21+00:00","og_image":[{"width":700,"height":700,"url":"https:\/\/www.joandjoe.com\/hossegor\/wp-content\/uploads\/sites\/6\/2023\/02\/hossegor-logo.png","type":"image\/png"}],"twitter_card":"summary_large_image","schema":{"@context":"https:\/\/schema.org","@graph":[{"@type":"WebPage","@id":"https:\/\/www.joandjoe.com\/hossegor\/pt-br\/pagina-inicial\/","url":"https:\/\/www.joandjoe.com\/hossegor\/pt-br\/pagina-inicial\/","name":"Hostel em JO&amp;JOE Hossegor : Acolhedor, elegante e barato","isPartOf":{"@id":"https:\/\/www.joandjoe.com\/hossegor\/en\/#website"},"datePublished":"2023-02-20T12:07:11+00:00","dateModified":"2025-11-10T13:38:21+00:00","description":"Descubra um novo estilo de hostel em JO&amp;JOE Hossegor com acomoda\u00e7\u00f5es econ\u00f4micas, restaurantes aut\u00eanticos e bares modernos com JO&JOE.","breadcrumb":{"@id":"https:\/\/www.joandjoe.com\/hossegor\/pt-br\/pagina-inicial\/#breadcrumb"},"inLanguage":"pt-BR","potentialAction":[{"@type":"ReadAction","target":["https:\/\/www.joandjoe.com\/hossegor\/pt-br\/pagina-inicial\/"]}]},{"@type":"BreadcrumbList","@id":"https:\/\/www.joandjoe.com\/hossegor\/pt-br\/pagina-inicial\/#breadcrumb","itemListElement":[{"@type":"ListItem","position":1,"name":"Home","item":"https:\/\/www.joandjoe.com\/hossegor\/pt-br\/pagina-inicial\/"},{"@type":"ListItem","position":2,"name":"P\u00e1gina inicial"}]},{"@type":"WebSite","@id":"https:\/\/www.joandjoe.com\/hossegor\/en\/#website","url":"https:\/\/www.joandjoe.com\/hossegor\/en\/","name":"Hossegor","description":"Hossegor the place to surf and party","publisher":{"@id":"https:\/\/www.joandjoe.com\/hossegor\/en\/#organization"},"potentialAction":[{"@type":"SearchAction","target":{"@type":"EntryPoint","urlTemplate":"https:\/\/www.joandjoe.com\/hossegor\/en\/?s={search_term_string}"},"query-input":"required name=search_term_string"}],"inLanguage":"pt-BR"},{"@type":"Organization","@id":"https:\/\/www.joandjoe.com\/hossegor\/en\/#organization","name":"Hossegor","url":"https:\/\/www.joandjoe.com\/hossegor\/en\/","logo":{"@type":"ImageObject","inLanguage":"pt-BR","@id":"https:\/\/www.joandjoe.com\/hossegor\/en\/#\/schema\/logo\/image\/","url":"https:\/\/www.joandjoe.com\/hossegor\/wp-content\/uploads\/sites\/6\/2023\/02\/hossegor-logo.png","contentUrl":"https:\/\/www.joandjoe.com\/hossegor\/wp-content\/uploads\/sites\/6\/2023\/02\/hossegor-logo.png","width":700,"height":700,"caption":"Hossegor"},"image":{"@id":"https:\/\/www.joandjoe.com\/hossegor\/en\/#\/schema\/logo\/image\/"}}]}},"_links":{"self":[{"href":"https:\/\/www.joandjoe.com\/hossegor\/pt-br\/wp-json\/wp\/v2\/pages\/1092"}],"collection":[{"href":"https:\/\/www.joandjoe.com\/hossegor\/pt-br\/wp-json\/wp\/v2\/pages"}],"about":[{"href":"https:\/\/www.joandjoe.com\/hossegor\/pt-br\/wp-json\/wp\/v2\/types\/page"}],"author":[{"embeddable":true,"href":"https:\/\/www.joandjoe.com\/hossegor\/pt-br\/wp-json\/wp\/v2\/users\/2"}],"replies":[{"embeddable":true,"href":"https:\/\/www.joandjoe.com\/hossegor\/pt-br\/wp-json\/wp\/v2\/comments?post=1092"}],"version-history":[{"count":0,"href":"https:\/\/www.joandjoe.com\/hossegor\/pt-br\/wp-json\/wp\/v2\/pages\/1092\/revisions"}],"wp:attachment":[{"href":"https:\/\/www.joandjoe.com\/hossegor\/pt-br\/wp-json\/wp\/v2\/media?parent=1092"}],"curies":[{"name":"wp","href":"https:\/\/api.w.org\/{rel}","templated":true}]}}