{"id":1103,"date":"2023-02-25T17:31:13","date_gmt":"2023-02-25T15:31:13","guid":{"rendered":"https:\/\/www.joandjoe.com\/hossegor\/dormir\/"},"modified":"2024-08-30T14:30:54","modified_gmt":"2024-08-30T12:30:54","slug":"sleep","status":"publish","type":"page","link":"https:\/\/www.joandjoe.com\/hossegor\/pt-br\/sleep\/","title":{"rendered":"Dormir"},"content":{"rendered":"","protected":false},"excerpt":{"rendered":"","protected":false},"author":3,"featured_media":0,"parent":0,"menu_order":0,"comment_status":"closed","ping_status":"closed","template":"","meta":{"footnotes":""},"acf":[],"yoast_head":"<!-- This site is optimized with the Yoast SEO plugin v21.5 - https:\/\/yoast.com\/wordpress\/plugins\/seo\/ -->\n<title>Hostel em JO&amp;JOE Hossegor : Acolhedor, elegante e barato - JO&amp;JOE<\/title>\n<meta name=\"description\" content=\"Prepare-se para uma experi\u00eancia inesquec\u00edvel com a JO&amp;JOE JO&amp;JOE Hossegor. Descubra um hostel com acomoda\u00e7\u00f5es a pre\u00e7os acess\u00edveis e modernas.\" \/>\n<meta name=\"robots\" content=\"index, follow, max-snippet:-1, max-image-preview:large, max-video-preview:-1\" \/>\n<link rel=\"canonical\" href=\"https:\/\/www.joandjoe.com\/hossegor\/pt-br\/sleep\/\" \/>\n<meta property=\"og:locale\" content=\"pt_BR\" \/>\n<meta property=\"og:type\" content=\"article\" \/>\n<meta property=\"og:title\" content=\"Hostel em JO&amp;JOE Hossegor : Acolhedor, elegante e barato - JO&amp;JOE\" \/>\n<meta property=\"og:description\" content=\"Prepare-se para uma experi\u00eancia inesquec\u00edvel com a JO&amp;JOE JO&amp;JOE Hossegor. Descubra um hostel com acomoda\u00e7\u00f5es a pre\u00e7os acess\u00edveis e modernas.\" \/>\n<meta property=\"og:url\" content=\"https:\/\/www.joandjoe.com\/hossegor\/pt-br\/sleep\/\" \/>\n<meta property=\"og:site_name\" content=\"JO&amp;JOE Hossegor\" \/>\n<meta property=\"article:modified_time\" content=\"2024-08-30T12:30:54+00:00\" \/>\n<meta property=\"og:image\" content=\"https:\/\/www.joandjoe.com\/hossegor\/wp-content\/uploads\/sites\/6\/2023\/02\/hossegor-logo.png\" \/>\n\t<meta property=\"og:image:width\" content=\"700\" \/>\n\t<meta property=\"og:image:height\" content=\"700\" \/>\n\t<meta property=\"og:image:type\" content=\"image\/png\" \/>\n<meta name=\"twitter:card\" content=\"summary_large_image\" \/>\n<!-- \/ Yoast SEO plugin. -->","yoast_head_json":{"title":"Hostel em JO&amp;JOE Hossegor : Acolhedor, elegante e barato - JO&JOE","description":"Prepare-se para uma experi\u00eancia inesquec\u00edvel com a JO&JOE JO&amp;JOE Hossegor. Descubra um hostel com acomoda\u00e7\u00f5es a pre\u00e7os acess\u00edveis e modernas.","robots":{"index":"index","follow":"follow","max-snippet":"max-snippet:-1","max-image-preview":"max-image-preview:large","max-video-preview":"max-video-preview:-1"},"canonical":"https:\/\/www.joandjoe.com\/hossegor\/pt-br\/sleep\/","og_locale":"pt_BR","og_type":"article","og_title":"Hostel em JO&amp;JOE Hossegor : Acolhedor, elegante e barato - JO&JOE","og_description":"Prepare-se para uma experi\u00eancia inesquec\u00edvel com a JO&JOE JO&amp;JOE Hossegor. Descubra um hostel com acomoda\u00e7\u00f5es a pre\u00e7os acess\u00edveis e modernas.","og_url":"https:\/\/www.joandjoe.com\/hossegor\/pt-br\/sleep\/","og_site_name":"JO&amp;JOE Hossegor","article_modified_time":"2024-08-30T12:30:54+00:00","og_image":[{"width":700,"height":700,"url":"https:\/\/www.joandjoe.com\/hossegor\/wp-content\/uploads\/sites\/6\/2023\/02\/hossegor-logo.png","type":"image\/png"}],"twitter_card":"summary_large_image","schema":{"@context":"https:\/\/schema.org","@graph":[{"@type":"WebPage","@id":"https:\/\/www.joandjoe.com\/hossegor\/pt-br\/sleep\/","url":"https:\/\/www.joandjoe.com\/hossegor\/pt-br\/sleep\/","name":"Hostel em JO&amp;JOE Hossegor : Acolhedor, elegante e barato - JO&JOE","isPartOf":{"@id":"https:\/\/www.joandjoe.com\/hossegor\/en\/#website"},"datePublished":"2023-02-25T15:31:13+00:00","dateModified":"2024-08-30T12:30:54+00:00","description":"Prepare-se para uma experi\u00eancia inesquec\u00edvel com a JO&JOE JO&amp;JOE Hossegor. Descubra um hostel com acomoda\u00e7\u00f5es a pre\u00e7os acess\u00edveis e modernas.","breadcrumb":{"@id":"https:\/\/www.joandjoe.com\/hossegor\/pt-br\/sleep\/#breadcrumb"},"inLanguage":"pt-BR","potentialAction":[{"@type":"ReadAction","target":["https:\/\/www.joandjoe.com\/hossegor\/pt-br\/sleep\/"]}]},{"@type":"BreadcrumbList","@id":"https:\/\/www.joandjoe.com\/hossegor\/pt-br\/sleep\/#breadcrumb","itemListElement":[{"@type":"ListItem","position":1,"name":"Home","item":"https:\/\/www.joandjoe.com\/hossegor\/pt-br\/pagina-inicial\/"},{"@type":"ListItem","position":2,"name":"Dormir"}]},{"@type":"WebSite","@id":"https:\/\/www.joandjoe.com\/hossegor\/en\/#website","url":"https:\/\/www.joandjoe.com\/hossegor\/en\/","name":"Hossegor","description":"Hossegor the place to surf and party","publisher":{"@id":"https:\/\/www.joandjoe.com\/hossegor\/en\/#organization"},"potentialAction":[{"@type":"SearchAction","target":{"@type":"EntryPoint","urlTemplate":"https:\/\/www.joandjoe.com\/hossegor\/en\/?s={search_term_string}"},"query-input":"required name=search_term_string"}],"inLanguage":"pt-BR"},{"@type":"Organization","@id":"https:\/\/www.joandjoe.com\/hossegor\/en\/#organization","name":"Hossegor","url":"https:\/\/www.joandjoe.com\/hossegor\/en\/","logo":{"@type":"ImageObject","inLanguage":"pt-BR","@id":"https:\/\/www.joandjoe.com\/hossegor\/en\/#\/schema\/logo\/image\/","url":"https:\/\/www.joandjoe.com\/hossegor\/wp-content\/uploads\/sites\/6\/2023\/02\/hossegor-logo.png","contentUrl":"https:\/\/www.joandjoe.com\/hossegor\/wp-content\/uploads\/sites\/6\/2023\/02\/hossegor-logo.png","width":700,"height":700,"caption":"Hossegor"},"image":{"@id":"https:\/\/www.joandjoe.com\/hossegor\/en\/#\/schema\/logo\/image\/"}}]}},"_links":{"self":[{"href":"https:\/\/www.joandjoe.com\/hossegor\/pt-br\/wp-json\/wp\/v2\/pages\/1103"}],"collection":[{"href":"https:\/\/www.joandjoe.com\/hossegor\/pt-br\/wp-json\/wp\/v2\/pages"}],"about":[{"href":"https:\/\/www.joandjoe.com\/hossegor\/pt-br\/wp-json\/wp\/v2\/types\/page"}],"author":[{"embeddable":true,"href":"https:\/\/www.joandjoe.com\/hossegor\/pt-br\/wp-json\/wp\/v2\/users\/3"}],"replies":[{"embeddable":true,"href":"https:\/\/www.joandjoe.com\/hossegor\/pt-br\/wp-json\/wp\/v2\/comments?post=1103"}],"version-history":[{"count":0,"href":"https:\/\/www.joandjoe.com\/hossegor\/pt-br\/wp-json\/wp\/v2\/pages\/1103\/revisions"}],"wp:attachment":[{"href":"https:\/\/www.joandjoe.com\/hossegor\/pt-br\/wp-json\/wp\/v2\/media?parent=1103"}],"curies":[{"name":"wp","href":"https:\/\/api.w.org\/{rel}","templated":true}]}}