{"id":1447,"date":"2023-02-26T14:53:49","date_gmt":"2023-02-26T12:53:49","guid":{"rendered":"https:\/\/www.joandjoe.com\/paris-nation\/erfahrungen\/"},"modified":"2024-08-19T11:35:08","modified_gmt":"2024-08-19T09:35:08","slug":"dig-deeper","status":"publish","type":"page","link":"https:\/\/www.joandjoe.com\/paris-nation\/de\/dig-deeper\/","title":{"rendered":"Erfahrungen"},"content":{"rendered":"","protected":false},"excerpt":{"rendered":"","protected":false},"author":3,"featured_media":0,"parent":0,"menu_order":0,"comment_status":"closed","ping_status":"closed","template":"","meta":{"footnotes":""},"acf":[],"yoast_head":"<!-- This site is optimized with the Yoast SEO plugin v21.5 - https:\/\/yoast.com\/wordpress\/plugins\/seo\/ -->\n<title>Aktivit\u00e4ten &amp; Orte in JO&amp;JOE Paris Nation entdecken - JO&amp;JOE<\/title>\n<meta name=\"description\" content=\"Alle Aktivit\u00e4ten und Orte, die es rund um JO&amp;JOE JO&amp;JOE Paris Nation zu entdecken gibt. Hier unsere Tipps f\u00fcr ein einzigartiges Erlebnis.\" \/>\n<meta name=\"robots\" content=\"index, follow, max-snippet:-1, max-image-preview:large, max-video-preview:-1\" \/>\n<link rel=\"canonical\" href=\"https:\/\/www.joandjoe.com\/paris-nation\/de\/dig-deeper\/\" \/>\n<meta property=\"og:locale\" content=\"de_DE\" \/>\n<meta property=\"og:type\" content=\"article\" \/>\n<meta property=\"og:title\" content=\"Aktivit\u00e4ten &amp; Orte in JO&amp;JOE Paris Nation entdecken - JO&amp;JOE\" \/>\n<meta property=\"og:description\" content=\"Alle Aktivit\u00e4ten und Orte, die es rund um JO&amp;JOE JO&amp;JOE Paris Nation zu entdecken gibt. Hier unsere Tipps f\u00fcr ein einzigartiges Erlebnis.\" \/>\n<meta property=\"og:url\" content=\"https:\/\/www.joandjoe.com\/paris-nation\/de\/dig-deeper\/\" \/>\n<meta property=\"og:site_name\" content=\"JO&amp;JOE Paris Nation\" \/>\n<meta property=\"article:modified_time\" content=\"2024-08-19T09:35:08+00:00\" \/>\n<meta property=\"og:image\" content=\"https:\/\/www.joandjoe.com\/paris-nation\/wp-content\/uploads\/sites\/8\/2023\/03\/paris-nation.png\" \/>\n\t<meta property=\"og:image:width\" content=\"700\" \/>\n\t<meta property=\"og:image:height\" content=\"700\" \/>\n\t<meta property=\"og:image:type\" content=\"image\/png\" \/>\n<meta name=\"twitter:card\" content=\"summary_large_image\" \/>\n<!-- \/ Yoast SEO plugin. -->","yoast_head_json":{"title":"Aktivit\u00e4ten & Orte in JO&amp;JOE Paris Nation entdecken - JO&JOE","description":"Alle Aktivit\u00e4ten und Orte, die es rund um JO&JOE JO&amp;JOE Paris Nation zu entdecken gibt. Hier unsere Tipps f\u00fcr ein einzigartiges Erlebnis.","robots":{"index":"index","follow":"follow","max-snippet":"max-snippet:-1","max-image-preview":"max-image-preview:large","max-video-preview":"max-video-preview:-1"},"canonical":"https:\/\/www.joandjoe.com\/paris-nation\/de\/dig-deeper\/","og_locale":"de_DE","og_type":"article","og_title":"Aktivit\u00e4ten & Orte in JO&amp;JOE Paris Nation entdecken - JO&JOE","og_description":"Alle Aktivit\u00e4ten und Orte, die es rund um JO&JOE JO&amp;JOE Paris Nation zu entdecken gibt. Hier unsere Tipps f\u00fcr ein einzigartiges Erlebnis.","og_url":"https:\/\/www.joandjoe.com\/paris-nation\/de\/dig-deeper\/","og_site_name":"JO&amp;JOE Paris Nation","article_modified_time":"2024-08-19T09:35:08+00:00","og_image":[{"width":700,"height":700,"url":"https:\/\/www.joandjoe.com\/paris-nation\/wp-content\/uploads\/sites\/8\/2023\/03\/paris-nation.png","type":"image\/png"}],"twitter_card":"summary_large_image","schema":{"@context":"https:\/\/schema.org","@graph":[{"@type":"WebPage","@id":"https:\/\/www.joandjoe.com\/paris-nation\/de\/dig-deeper\/","url":"https:\/\/www.joandjoe.com\/paris-nation\/de\/dig-deeper\/","name":"Aktivit\u00e4ten & Orte in JO&amp;JOE Paris Nation entdecken - JO&JOE","isPartOf":{"@id":"https:\/\/www.joandjoe.com\/paris-nation\/en\/#website"},"datePublished":"2023-02-26T12:53:49+00:00","dateModified":"2024-08-19T09:35:08+00:00","description":"Alle Aktivit\u00e4ten und Orte, die es rund um JO&JOE JO&amp;JOE Paris Nation zu entdecken gibt. Hier unsere Tipps f\u00fcr ein einzigartiges Erlebnis.","breadcrumb":{"@id":"https:\/\/www.joandjoe.com\/paris-nation\/de\/dig-deeper\/#breadcrumb"},"inLanguage":"de-DE","potentialAction":[{"@type":"ReadAction","target":["https:\/\/www.joandjoe.com\/paris-nation\/de\/dig-deeper\/"]}]},{"@type":"BreadcrumbList","@id":"https:\/\/www.joandjoe.com\/paris-nation\/de\/dig-deeper\/#breadcrumb","itemListElement":[{"@type":"ListItem","position":1,"name":"Home","item":"https:\/\/www.joandjoe.com\/paris-nation\/de\/homepage\/"},{"@type":"ListItem","position":2,"name":"Erfahrungen"}]},{"@type":"WebSite","@id":"https:\/\/www.joandjoe.com\/paris-nation\/en\/#website","url":"https:\/\/www.joandjoe.com\/paris-nation\/en\/","name":"JO&JOE Paris Nation","description":"The Parisian vibe, for real","publisher":{"@id":"https:\/\/www.joandjoe.com\/paris-nation\/en\/#organization"},"alternateName":"JO&JOE Paris Nation","potentialAction":[{"@type":"SearchAction","target":{"@type":"EntryPoint","urlTemplate":"https:\/\/www.joandjoe.com\/paris-nation\/en\/?s={search_term_string}"},"query-input":"required name=search_term_string"}],"inLanguage":"de-DE"},{"@type":"Organization","@id":"https:\/\/www.joandjoe.com\/paris-nation\/en\/#organization","name":"Hossegor","url":"https:\/\/www.joandjoe.com\/paris-nation\/en\/","logo":{"@type":"ImageObject","inLanguage":"de-DE","@id":"https:\/\/www.joandjoe.com\/paris-nation\/en\/#\/schema\/logo\/image\/","url":"","contentUrl":"","caption":"Hossegor"},"image":{"@id":"https:\/\/www.joandjoe.com\/paris-nation\/en\/#\/schema\/logo\/image\/"}}]}},"_links":{"self":[{"href":"https:\/\/www.joandjoe.com\/paris-nation\/de\/wp-json\/wp\/v2\/pages\/1447"}],"collection":[{"href":"https:\/\/www.joandjoe.com\/paris-nation\/de\/wp-json\/wp\/v2\/pages"}],"about":[{"href":"https:\/\/www.joandjoe.com\/paris-nation\/de\/wp-json\/wp\/v2\/types\/page"}],"author":[{"embeddable":true,"href":"https:\/\/www.joandjoe.com\/paris-nation\/de\/wp-json\/wp\/v2\/users\/3"}],"replies":[{"embeddable":true,"href":"https:\/\/www.joandjoe.com\/paris-nation\/de\/wp-json\/wp\/v2\/comments?post=1447"}],"version-history":[{"count":0,"href":"https:\/\/www.joandjoe.com\/paris-nation\/de\/wp-json\/wp\/v2\/pages\/1447\/revisions"}],"wp:attachment":[{"href":"https:\/\/www.joandjoe.com\/paris-nation\/de\/wp-json\/wp\/v2\/media?parent=1447"}],"curies":[{"name":"wp","href":"https:\/\/api.w.org\/{rel}","templated":true}]}}