{"id":1779,"date":"2023-02-20T14:07:11","date_gmt":"2023-02-20T12:07:11","guid":{"rendered":"https:\/\/www.joandjoe.com\/paris-nation\/homepage\/"},"modified":"2026-03-09T17:55:34","modified_gmt":"2026-03-09T15:55:34","slug":"homepage","status":"publish","type":"page","link":"https:\/\/www.joandjoe.com\/paris-nation\/fr\/","title":{"rendered":"Accueil"},"content":{"rendered":"","protected":false},"excerpt":{"rendered":"","protected":false},"author":2,"featured_media":0,"parent":0,"menu_order":0,"comment_status":"closed","ping_status":"closed","template":"","meta":{"footnotes":""},"acf":[],"yoast_head":"<!-- This site is optimized with the Yoast SEO plugin v21.5 - https:\/\/yoast.com\/wordpress\/plugins\/seo\/ -->\n<title>Auberge de jeunesse conviviale et design \u00e0 JO&amp;JOE Paris Nation<\/title>\n<meta name=\"description\" content=\"D\u00e9couvrez un nouveau style d&#039;auberge de jeunesse avec des h\u00e9bergements abordables, restaurants authentiques et bars design avec JO&amp;JOE.\" \/>\n<meta name=\"robots\" content=\"index, follow, max-snippet:-1, max-image-preview:large, max-video-preview:-1\" \/>\n<link rel=\"canonical\" href=\"https:\/\/www.joandjoe.com\/paris-nation\/fr\/homepage\/\" \/>\n<meta property=\"og:locale\" content=\"fr_FR\" \/>\n<meta property=\"og:type\" content=\"article\" \/>\n<meta property=\"og:title\" content=\"Auberge de jeunesse conviviale et design \u00e0 JO&amp;JOE Paris Nation\" \/>\n<meta property=\"og:description\" content=\"D\u00e9couvrez un nouveau style d&#039;auberge de jeunesse avec des h\u00e9bergements abordables, restaurants authentiques et bars design avec JO&amp;JOE.\" \/>\n<meta property=\"og:url\" content=\"https:\/\/www.joandjoe.com\/paris-nation\/fr\/homepage\/\" \/>\n<meta property=\"og:site_name\" content=\"JO&amp;JOE Paris Nation\" \/>\n<meta property=\"article:modified_time\" content=\"2026-03-09T15:55:34+00:00\" \/>\n<meta property=\"og:image\" content=\"https:\/\/www.joandjoe.com\/paris-nation\/wp-content\/uploads\/sites\/8\/2023\/03\/paris-nation.png\" \/>\n\t<meta property=\"og:image:width\" content=\"700\" \/>\n\t<meta property=\"og:image:height\" content=\"700\" \/>\n\t<meta property=\"og:image:type\" content=\"image\/png\" \/>\n<meta name=\"twitter:card\" content=\"summary_large_image\" \/>\n<!-- \/ Yoast SEO plugin. -->","yoast_head_json":{"title":"Auberge de jeunesse conviviale et design \u00e0 JO&amp;JOE Paris Nation","description":"D\u00e9couvrez un nouveau style d'auberge de jeunesse avec des h\u00e9bergements abordables, restaurants authentiques et bars design avec JO&JOE.","robots":{"index":"index","follow":"follow","max-snippet":"max-snippet:-1","max-image-preview":"max-image-preview:large","max-video-preview":"max-video-preview:-1"},"canonical":"https:\/\/www.joandjoe.com\/paris-nation\/fr\/homepage\/","og_locale":"fr_FR","og_type":"article","og_title":"Auberge de jeunesse conviviale et design \u00e0 JO&amp;JOE Paris Nation","og_description":"D\u00e9couvrez un nouveau style d'auberge de jeunesse avec des h\u00e9bergements abordables, restaurants authentiques et bars design avec JO&JOE.","og_url":"https:\/\/www.joandjoe.com\/paris-nation\/fr\/homepage\/","og_site_name":"JO&amp;JOE Paris Nation","article_modified_time":"2026-03-09T15:55:34+00:00","og_image":[{"width":700,"height":700,"url":"https:\/\/www.joandjoe.com\/paris-nation\/wp-content\/uploads\/sites\/8\/2023\/03\/paris-nation.png","type":"image\/png"}],"twitter_card":"summary_large_image","schema":{"@context":"https:\/\/schema.org","@graph":[{"@type":"WebPage","@id":"https:\/\/www.joandjoe.com\/paris-nation\/fr\/homepage\/","url":"https:\/\/www.joandjoe.com\/paris-nation\/fr\/homepage\/","name":"Auberge de jeunesse conviviale et design \u00e0 JO&amp;JOE Paris Nation","isPartOf":{"@id":"https:\/\/www.joandjoe.com\/paris-nation\/en\/#website"},"datePublished":"2023-02-20T12:07:11+00:00","dateModified":"2026-03-09T15:55:34+00:00","description":"D\u00e9couvrez un nouveau style d'auberge de jeunesse avec des h\u00e9bergements abordables, restaurants authentiques et bars design avec JO&JOE.","breadcrumb":{"@id":"https:\/\/www.joandjoe.com\/paris-nation\/fr\/homepage\/#breadcrumb"},"inLanguage":"fr-FR","potentialAction":[{"@type":"ReadAction","target":["https:\/\/www.joandjoe.com\/paris-nation\/fr\/homepage\/"]}]},{"@type":"BreadcrumbList","@id":"https:\/\/www.joandjoe.com\/paris-nation\/fr\/homepage\/#breadcrumb","itemListElement":[{"@type":"ListItem","position":1,"name":"Home","item":"https:\/\/www.joandjoe.com\/paris-nation\/fr\/homepage\/"},{"@type":"ListItem","position":2,"name":"Accueil"}]},{"@type":"WebSite","@id":"https:\/\/www.joandjoe.com\/paris-nation\/en\/#website","url":"https:\/\/www.joandjoe.com\/paris-nation\/en\/","name":"JO&JOE Paris Nation","description":"The Parisian vibe, for real","publisher":{"@id":"https:\/\/www.joandjoe.com\/paris-nation\/en\/#organization"},"alternateName":"JO&JOE Paris Nation","potentialAction":[{"@type":"SearchAction","target":{"@type":"EntryPoint","urlTemplate":"https:\/\/www.joandjoe.com\/paris-nation\/en\/?s={search_term_string}"},"query-input":"required name=search_term_string"}],"inLanguage":"fr-FR"},{"@type":"Organization","@id":"https:\/\/www.joandjoe.com\/paris-nation\/en\/#organization","name":"Hossegor","url":"https:\/\/www.joandjoe.com\/paris-nation\/en\/","logo":{"@type":"ImageObject","inLanguage":"fr-FR","@id":"https:\/\/www.joandjoe.com\/paris-nation\/en\/#\/schema\/logo\/image\/","url":"","contentUrl":"","caption":"Hossegor"},"image":{"@id":"https:\/\/www.joandjoe.com\/paris-nation\/en\/#\/schema\/logo\/image\/"}}]}},"_links":{"self":[{"href":"https:\/\/www.joandjoe.com\/paris-nation\/fr\/wp-json\/wp\/v2\/pages\/1779"}],"collection":[{"href":"https:\/\/www.joandjoe.com\/paris-nation\/fr\/wp-json\/wp\/v2\/pages"}],"about":[{"href":"https:\/\/www.joandjoe.com\/paris-nation\/fr\/wp-json\/wp\/v2\/types\/page"}],"author":[{"embeddable":true,"href":"https:\/\/www.joandjoe.com\/paris-nation\/fr\/wp-json\/wp\/v2\/users\/2"}],"replies":[{"embeddable":true,"href":"https:\/\/www.joandjoe.com\/paris-nation\/fr\/wp-json\/wp\/v2\/comments?post=1779"}],"version-history":[{"count":0,"href":"https:\/\/www.joandjoe.com\/paris-nation\/fr\/wp-json\/wp\/v2\/pages\/1779\/revisions"}],"wp:attachment":[{"href":"https:\/\/www.joandjoe.com\/paris-nation\/fr\/wp-json\/wp\/v2\/media?parent=1779"}],"curies":[{"name":"wp","href":"https:\/\/api.w.org\/{rel}","templated":true}]}}