{"id":1445,"date":"2023-02-20T18:22:25","date_gmt":"2023-02-20T18:22:25","guid":{"rendered":"https:\/\/www.joandjoe.com\/dormir\/"},"modified":"2024-08-05T13:16:17","modified_gmt":"2024-08-05T13:16:17","slug":"sleep","status":"publish","type":"page","link":"https:\/\/www.joandjoe.com\/pt-br\/sleep\/","title":{"rendered":"Dormir"},"content":{"rendered":"","protected":false},"excerpt":{"rendered":"","protected":false},"author":3,"featured_media":0,"parent":0,"menu_order":0,"comment_status":"closed","ping_status":"closed","template":"","meta":{"footnotes":""},"acf":[],"yoast_head":"<!-- This site is optimized with the Yoast SEO plugin v21.5 - https:\/\/yoast.com\/wordpress\/plugins\/seo\/ -->\n<title>Albergue e hostel econ\u00f3mico com design \u00fanico - JO&amp;JOE<\/title>\n<meta name=\"description\" content=\"Se prepare para um hostel inovador e original! Descubra habita\u00e7\u00f5es excepcionais e alugu\u00e9is privativos econ\u00f3micos com a JO&amp;JOE.\" \/>\n<meta name=\"robots\" content=\"index, follow, max-snippet:-1, max-image-preview:large, max-video-preview:-1\" \/>\n<link rel=\"canonical\" href=\"https:\/\/www.joandjoe.com\/pt-br\/sleep\/\" \/>\n<meta property=\"og:locale\" content=\"pt_BR\" \/>\n<meta property=\"og:type\" content=\"article\" \/>\n<meta property=\"og:title\" content=\"Albergue e hostel econ\u00f3mico com design \u00fanico - JO&amp;JOE\" \/>\n<meta property=\"og:description\" content=\"Se prepare para um hostel inovador e original! Descubra habita\u00e7\u00f5es excepcionais e alugu\u00e9is privativos econ\u00f3micos com a JO&amp;JOE.\" \/>\n<meta property=\"og:url\" content=\"https:\/\/www.joandjoe.com\/pt-br\/sleep\/\" \/>\n<meta property=\"og:site_name\" content=\"JO&amp;JOE\" \/>\n<meta property=\"article:modified_time\" content=\"2024-08-05T13:16:17+00:00\" \/>\n<meta property=\"og:image\" content=\"https:\/\/www.joandjoe.com\/wp-content\/uploads\/2023\/02\/brand.png\" \/>\n\t<meta property=\"og:image:width\" content=\"240\" \/>\n\t<meta property=\"og:image:height\" content=\"240\" \/>\n\t<meta property=\"og:image:type\" content=\"image\/png\" \/>\n<meta name=\"twitter:card\" content=\"summary_large_image\" \/>\n<!-- \/ Yoast SEO plugin. -->","yoast_head_json":{"title":"Albergue e hostel econ\u00f3mico com design \u00fanico - JO&JOE","description":"Se prepare para um hostel inovador e original! Descubra habita\u00e7\u00f5es excepcionais e alugu\u00e9is privativos econ\u00f3micos com a JO&JOE.","robots":{"index":"index","follow":"follow","max-snippet":"max-snippet:-1","max-image-preview":"max-image-preview:large","max-video-preview":"max-video-preview:-1"},"canonical":"https:\/\/www.joandjoe.com\/pt-br\/sleep\/","og_locale":"pt_BR","og_type":"article","og_title":"Albergue e hostel econ\u00f3mico com design \u00fanico - JO&JOE","og_description":"Se prepare para um hostel inovador e original! Descubra habita\u00e7\u00f5es excepcionais e alugu\u00e9is privativos econ\u00f3micos com a JO&JOE.","og_url":"https:\/\/www.joandjoe.com\/pt-br\/sleep\/","og_site_name":"JO&amp;JOE","article_modified_time":"2024-08-05T13:16:17+00:00","og_image":[{"width":240,"height":240,"url":"https:\/\/www.joandjoe.com\/wp-content\/uploads\/2023\/02\/brand.png","type":"image\/png"}],"twitter_card":"summary_large_image","schema":{"@context":"https:\/\/schema.org","@graph":[{"@type":"WebPage","@id":"https:\/\/www.joandjoe.com\/pt-br\/sleep\/","url":"https:\/\/www.joandjoe.com\/pt-br\/sleep\/","name":"Albergue e hostel econ\u00f3mico com design \u00fanico - JO&JOE","isPartOf":{"@id":"https:\/\/www.joandjoe.com\/en\/#website"},"datePublished":"2023-02-20T18:22:25+00:00","dateModified":"2024-08-05T13:16:17+00:00","description":"Se prepare para um hostel inovador e original! Descubra habita\u00e7\u00f5es excepcionais e alugu\u00e9is privativos econ\u00f3micos com a JO&JOE.","breadcrumb":{"@id":"https:\/\/www.joandjoe.com\/pt-br\/sleep\/#breadcrumb"},"inLanguage":"pt-BR","potentialAction":[{"@type":"ReadAction","target":["https:\/\/www.joandjoe.com\/pt-br\/sleep\/"]}]},{"@type":"BreadcrumbList","@id":"https:\/\/www.joandjoe.com\/pt-br\/sleep\/#breadcrumb","itemListElement":[{"@type":"ListItem","position":1,"name":"Home","item":"https:\/\/www.joandjoe.com\/pt-br\/pagina-inicial\/"},{"@type":"ListItem","position":2,"name":"Dormir"}]},{"@type":"WebSite","@id":"https:\/\/www.joandjoe.com\/en\/#website","url":"https:\/\/www.joandjoe.com\/en\/","name":"JO&amp;JOE","description":"Get ready for an immersive experience! Discover a new lifestyle with unusual accommodation, an authentic restaurant and designer bar with Jo&amp;Joe.","publisher":{"@id":"https:\/\/www.joandjoe.com\/en\/#organization"},"potentialAction":[{"@type":"SearchAction","target":{"@type":"EntryPoint","urlTemplate":"https:\/\/www.joandjoe.com\/en\/?s={search_term_string}"},"query-input":"required name=search_term_string"}],"inLanguage":"pt-BR"},{"@type":"Organization","@id":"https:\/\/www.joandjoe.com\/en\/#organization","name":"JO&amp;JOE","url":"https:\/\/www.joandjoe.com\/en\/","logo":{"@type":"ImageObject","inLanguage":"pt-BR","@id":"https:\/\/www.joandjoe.com\/en\/#\/schema\/logo\/image\/","url":"https:\/\/www.joandjoe.com\/wp-content\/uploads\/2023\/02\/brand.png","contentUrl":"https:\/\/www.joandjoe.com\/wp-content\/uploads\/2023\/02\/brand.png","width":240,"height":240,"caption":"JO&amp;JOE"},"image":{"@id":"https:\/\/www.joandjoe.com\/en\/#\/schema\/logo\/image\/"}}]}},"_links":{"self":[{"href":"https:\/\/www.joandjoe.com\/pt-br\/wp-json\/wp\/v2\/pages\/1445"}],"collection":[{"href":"https:\/\/www.joandjoe.com\/pt-br\/wp-json\/wp\/v2\/pages"}],"about":[{"href":"https:\/\/www.joandjoe.com\/pt-br\/wp-json\/wp\/v2\/types\/page"}],"author":[{"embeddable":true,"href":"https:\/\/www.joandjoe.com\/pt-br\/wp-json\/wp\/v2\/users\/3"}],"replies":[{"embeddable":true,"href":"https:\/\/www.joandjoe.com\/pt-br\/wp-json\/wp\/v2\/comments?post=1445"}],"version-history":[{"count":0,"href":"https:\/\/www.joandjoe.com\/pt-br\/wp-json\/wp\/v2\/pages\/1445\/revisions"}],"wp:attachment":[{"href":"https:\/\/www.joandjoe.com\/pt-br\/wp-json\/wp\/v2\/media?parent=1445"}],"curies":[{"name":"wp","href":"https:\/\/api.w.org\/{rel}","templated":true}]}}