{"id":1529,"date":"2023-02-10T11:19:12","date_gmt":"2023-02-10T11:19:12","guid":{"rendered":"https:\/\/www.joandjoe.com\/privacy-policy\/"},"modified":"2023-03-31T13:44:52","modified_gmt":"2023-03-31T13:44:52","slug":"privacy-policy","status":"publish","type":"page","link":"https:\/\/www.joandjoe.com\/pt-br\/privacy-policy\/","title":{"rendered":"Pol\u00edtica de Privacidade"},"content":{"rendered":"<h2 class=\"wp-block-heading\">Quem somos<\/h2><p><strong class=\"privacy-policy-tutorial\">Texto sugerido:<\/strong> Nosso endere\u00e7o de website \u00e9: https:\/\/www.joandjoe.com.<\/p><h2 class=\"wp-block-heading\">Coment\u00e1rios<\/h2><p><strong class=\"privacy-policy-tutorial\">Texto sugerido:<\/strong> Quando os visitantes deixam coment\u00e1rios no site, coletamos os dados mostrados no formul\u00e1rio de coment\u00e1rios, e tamb\u00e9m o endere\u00e7o IP do visitante e a string de agente de usu\u00e1rio do navegador para ajudar na detec\u00e7\u00e3o de spam.<\/p><p>Uma cadeia an\u00f4nima criada a partir de seu endere\u00e7o de e-mail (tamb\u00e9m chamada de hash) pode ser fornecida ao servi\u00e7o Gravatar para ver se voc\u00ea a est\u00e1 usando. A pol\u00edtica de privacidade do servi\u00e7o Gravatar est\u00e1 dispon\u00edvel aqui: https:\/\/automattic.com\/privacy\/. Ap\u00f3s a aprova\u00e7\u00e3o de seu coment\u00e1rio, sua foto de perfil \u00e9 vis\u00edvel ao p\u00fablico no contexto de seu coment\u00e1rio. <\/p><h2 class=\"wp-block-heading\">Media<\/h2><p><strong class=\"privacy-policy-tutorial\">Texto sugerido:<\/strong> Se voc\u00ea carregar imagens no site, voc\u00ea deve evitar carregar imagens com dados de localiza\u00e7\u00e3o incorporados (EXIF GPS) inclu\u00eddos. Os visitantes do site podem baixar e extrair quaisquer dados de localiza\u00e7\u00e3o das imagens do site. <\/p><h2 class=\"wp-block-heading\">Cookies<\/h2><p><strong class=\"privacy-policy-tutorial\">Texto sugerido:<\/strong> Se voc\u00ea deixar um coment\u00e1rio em nosso site voc\u00ea pode optar por salvar seu nome, endere\u00e7o de e-mail e site em cookies. Estes s\u00e3o para sua conveni\u00eancia, para que voc\u00ea n\u00e3o tenha que preencher seus dados novamente quando deixar outro coment\u00e1rio. Estes cookies ter\u00e3o a dura\u00e7\u00e3o de um ano.  <\/p><p>Se voc\u00ea visitar nossa p\u00e1gina de login, n\u00f3s definiremos um cookie tempor\u00e1rio para determinar se seu navegador aceita cookies. Este cookie n\u00e3o cont\u00e9m dados pessoais e \u00e9 descartado quando voc\u00ea fecha seu navegador. <\/p><p>Quando voc\u00ea fizer o login, tamb\u00e9m configuraremos v\u00e1rios cookies para salvar suas informa\u00e7\u00f5es de login e suas op\u00e7\u00f5es de exibi\u00e7\u00e3o na tela. Os cookies de login duram dois dias, e as op\u00e7\u00f5es de exibi\u00e7\u00e3o de tela duram um ano. Se voc\u00ea selecionar &#8220;Lembrar-me&#8221;, seu login persistir\u00e1 por duas semanas. Se voc\u00ea sair de sua conta, os cookies de login ser\u00e3o removidos.   <\/p><p>Se voc\u00ea editar ou publicar um artigo, um cookie adicional ser\u00e1 salvo em seu navegador. Este cookie n\u00e3o inclui dados pessoais e simplesmente indica a ID do artigo que voc\u00ea acabou de editar. Ele expira ap\u00f3s 1 dia.  <\/p><h2 class=\"wp-block-heading\">Conte\u00fado embutido de outros sites<\/h2><p><strong class=\"privacy-policy-tutorial\">Texto sugerido:<\/strong>Os artigos deste site podem incluir conte\u00fado incorporado (por exemplo, v\u00eddeos, imagens, artigos, etc.). O conte\u00fado incorporado de outros sites comporta-se exatamente da mesma forma como se o visitante tivesse visitado o outro site. <\/p><p>Estes websites podem coletar dados sobre voc\u00ea, usar cookies, incorporar rastreamento adicional de terceiros e monitorar sua intera\u00e7\u00e3o com esse conte\u00fado incorporado, incluindo o rastreamento de sua intera\u00e7\u00e3o com o conte\u00fado incorporado se voc\u00ea tiver uma conta e estiver conectado a esse website.<\/p><h2 class=\"wp-block-heading\">Com quem compartilhamos seus dados<\/h2><p><strong class=\"privacy-policy-tutorial\">Texto sugerido<\/strong>: Se voc\u00ea solicitar uma redefini\u00e7\u00e3o de senha, seu endere\u00e7o IP ser\u00e1 inclu\u00eddo no e-mail de redefini\u00e7\u00e3o.<\/p><h2 class=\"wp-block-heading\">Por quanto tempo retemos seus dados<\/h2><p><strong class=\"privacy-policy-tutorial\">Texto sugerido:<\/strong> Se voc\u00ea deixar um coment\u00e1rio, o coment\u00e1rio e seus metadados ser\u00e3o retidos indefinidamente. Isto \u00e9 para que possamos reconhecer e aprovar qualquer coment\u00e1rio subseq\u00fcente automaticamente, em vez de mant\u00ea-los em uma fila de modera\u00e7\u00e3o. <\/p><p>Para usu\u00e1rios que se registram em nosso website (se houver), tamb\u00e9m armazenamos as informa\u00e7\u00f5es pessoais que eles fornecem em seu perfil de usu\u00e1rio. Todos os usu\u00e1rios podem ver, editar ou apagar suas informa\u00e7\u00f5es pessoais a qualquer momento (exceto que n\u00e3o podem alterar seu nome de usu\u00e1rio). Os administradores do website tamb\u00e9m podem ver e editar essas informa\u00e7\u00f5es.  <\/p><h2 class=\"wp-block-heading\">Que direitos voc\u00ea tem sobre seus dados<\/h2><p><strong class=\"privacy-policy-tutorial\">Texto sugerido:<\/strong> Se voc\u00ea tem uma conta neste site, ou deixou coment\u00e1rios, voc\u00ea pode solicitar o recebimento de um arquivo exportado dos dados pessoais que temos sobre voc\u00ea, incluindo quaisquer dados que voc\u00ea nos tenha fornecido. Voc\u00ea tamb\u00e9m pode solicitar que apaguemos quaisquer dados pessoais que possu\u00edmos a seu respeito. Isto n\u00e3o inclui quaisquer dados que sejamos obrigados a manter para fins administrativos, legais, ou de seguran\u00e7a.  <\/p><h2 class=\"wp-block-heading\">Para onde seus dados s\u00e3o enviados<\/h2><p><strong class=\"privacy-policy-tutorial\">Texto sugerido:<\/strong> Os coment\u00e1rios dos visitantes podem ser verificados atrav\u00e9s de um servi\u00e7o automatizado de detec\u00e7\u00e3o de spam.<\/p>","protected":false},"excerpt":{"rendered":"<p>Quem somos Texto sugerido: Nosso endere\u00e7o de website \u00e9: https:\/\/www.joandjoe.com. Coment\u00e1rios Texto sugerido: Quando os visitantes deixam coment\u00e1rios no site, coletamos os dados mostrados no formul\u00e1rio de coment\u00e1rios, e tamb\u00e9m o endere\u00e7o IP do visitante e a string de agente de usu\u00e1rio do navegador para ajudar na detec\u00e7\u00e3o de spam. Uma cadeia an\u00f4nima criada a [&hellip;]<\/p>\n","protected":false},"author":1,"featured_media":0,"parent":0,"menu_order":0,"comment_status":"closed","ping_status":"open","template":"","meta":{"footnotes":""},"acf":[],"yoast_head":"<!-- This site is optimized with the Yoast SEO plugin v21.5 - https:\/\/yoast.com\/wordpress\/plugins\/seo\/ -->\n<title>Pol\u00edtica de Privacidade - JO&amp;JOE<\/title>\n<meta name=\"description\" content=\"Pol\u00edtica de Privacidade - JO&amp;JOE - Descubra um novo estilo de albergue com acomoda\u00e7\u00f5es baratas, restaurantes aut\u00eanticos e bares da moda com JO&amp;JOE .\" \/>\n<meta name=\"robots\" content=\"index, follow, max-snippet:-1, max-image-preview:large, max-video-preview:-1\" \/>\n<link rel=\"canonical\" href=\"https:\/\/www.joandjoe.com\/pt-br\/privacy-policy\/\" \/>\n<meta property=\"og:locale\" content=\"pt_BR\" \/>\n<meta property=\"og:type\" content=\"article\" \/>\n<meta property=\"og:title\" content=\"Pol\u00edtica de Privacidade - JO&amp;JOE\" \/>\n<meta property=\"og:description\" content=\"Pol\u00edtica de Privacidade - JO&amp;JOE - Descubra um novo estilo de albergue com acomoda\u00e7\u00f5es baratas, restaurantes aut\u00eanticos e bares da moda com JO&amp;JOE .\" \/>\n<meta property=\"og:url\" content=\"https:\/\/www.joandjoe.com\/pt-br\/privacy-policy\/\" \/>\n<meta property=\"og:site_name\" content=\"JO&amp;JOE\" \/>\n<meta property=\"article:modified_time\" content=\"2023-03-31T13:44:52+00:00\" \/>\n<meta property=\"og:image\" content=\"https:\/\/www.joandjoe.com\/wp-content\/uploads\/2023\/02\/brand.png\" \/>\n\t<meta property=\"og:image:width\" content=\"240\" \/>\n\t<meta property=\"og:image:height\" content=\"240\" \/>\n\t<meta property=\"og:image:type\" content=\"image\/png\" \/>\n<meta name=\"twitter:card\" content=\"summary_large_image\" \/>\n<meta name=\"twitter:label1\" content=\"Est. tempo de leitura\" \/>\n\t<meta name=\"twitter:data1\" content=\"4 minutos\" \/>\n<!-- \/ Yoast SEO plugin. -->","yoast_head_json":{"title":"Pol\u00edtica de Privacidade - JO&amp;JOE","description":"Pol\u00edtica de Privacidade - JO&amp;JOE - Descubra um novo estilo de albergue com acomoda\u00e7\u00f5es baratas, restaurantes aut\u00eanticos e bares da moda com JO&amp;JOE .","robots":{"index":"index","follow":"follow","max-snippet":"max-snippet:-1","max-image-preview":"max-image-preview:large","max-video-preview":"max-video-preview:-1"},"canonical":"https:\/\/www.joandjoe.com\/pt-br\/privacy-policy\/","og_locale":"pt_BR","og_type":"article","og_title":"Pol\u00edtica de Privacidade - JO&amp;JOE","og_description":"Pol\u00edtica de Privacidade - JO&amp;JOE - Descubra um novo estilo de albergue com acomoda\u00e7\u00f5es baratas, restaurantes aut\u00eanticos e bares da moda com JO&amp;JOE .","og_url":"https:\/\/www.joandjoe.com\/pt-br\/privacy-policy\/","og_site_name":"JO&amp;JOE","article_modified_time":"2023-03-31T13:44:52+00:00","og_image":[{"width":240,"height":240,"url":"https:\/\/www.joandjoe.com\/wp-content\/uploads\/2023\/02\/brand.png","type":"image\/png"}],"twitter_card":"summary_large_image","twitter_misc":{"Est. tempo de leitura":"4 minutos"},"schema":{"@context":"https:\/\/schema.org","@graph":[{"@type":"WebPage","@id":"https:\/\/www.joandjoe.com\/pt-br\/privacy-policy\/","url":"https:\/\/www.joandjoe.com\/pt-br\/privacy-policy\/","name":"Pol\u00edtica de Privacidade - JO&amp;JOE","isPartOf":{"@id":"https:\/\/www.joandjoe.com\/en\/#website"},"datePublished":"2023-02-10T11:19:12+00:00","dateModified":"2023-03-31T13:44:52+00:00","description":"Pol\u00edtica de Privacidade - JO&amp;JOE - Descubra um novo estilo de albergue com acomoda\u00e7\u00f5es baratas, restaurantes aut\u00eanticos e bares da moda com JO&amp;JOE .","breadcrumb":{"@id":"https:\/\/www.joandjoe.com\/pt-br\/privacy-policy\/#breadcrumb"},"inLanguage":"pt-BR","potentialAction":[{"@type":"ReadAction","target":["https:\/\/www.joandjoe.com\/pt-br\/privacy-policy\/"]}]},{"@type":"BreadcrumbList","@id":"https:\/\/www.joandjoe.com\/pt-br\/privacy-policy\/#breadcrumb","itemListElement":[{"@type":"ListItem","position":1,"name":"Home","item":"https:\/\/www.joandjoe.com\/pt-br\/pagina-inicial\/"},{"@type":"ListItem","position":2,"name":"Pol\u00edtica de Privacidade"}]},{"@type":"WebSite","@id":"https:\/\/www.joandjoe.com\/en\/#website","url":"https:\/\/www.joandjoe.com\/en\/","name":"JO&amp;JOE","description":"Get ready for an immersive experience! Discover a new lifestyle with unusual accommodation, an authentic restaurant and designer bar with Jo&amp;Joe.","publisher":{"@id":"https:\/\/www.joandjoe.com\/en\/#organization"},"potentialAction":[{"@type":"SearchAction","target":{"@type":"EntryPoint","urlTemplate":"https:\/\/www.joandjoe.com\/en\/?s={search_term_string}"},"query-input":"required name=search_term_string"}],"inLanguage":"pt-BR"},{"@type":"Organization","@id":"https:\/\/www.joandjoe.com\/en\/#organization","name":"JO&amp;JOE","url":"https:\/\/www.joandjoe.com\/en\/","logo":{"@type":"ImageObject","inLanguage":"pt-BR","@id":"https:\/\/www.joandjoe.com\/en\/#\/schema\/logo\/image\/","url":"https:\/\/www.joandjoe.com\/wp-content\/uploads\/2023\/02\/brand.png","contentUrl":"https:\/\/www.joandjoe.com\/wp-content\/uploads\/2023\/02\/brand.png","width":240,"height":240,"caption":"JO&amp;JOE"},"image":{"@id":"https:\/\/www.joandjoe.com\/en\/#\/schema\/logo\/image\/"}}]}},"_links":{"self":[{"href":"https:\/\/www.joandjoe.com\/pt-br\/wp-json\/wp\/v2\/pages\/1529"}],"collection":[{"href":"https:\/\/www.joandjoe.com\/pt-br\/wp-json\/wp\/v2\/pages"}],"about":[{"href":"https:\/\/www.joandjoe.com\/pt-br\/wp-json\/wp\/v2\/types\/page"}],"author":[{"embeddable":true,"href":"https:\/\/www.joandjoe.com\/pt-br\/wp-json\/wp\/v2\/users\/1"}],"replies":[{"embeddable":true,"href":"https:\/\/www.joandjoe.com\/pt-br\/wp-json\/wp\/v2\/comments?post=1529"}],"version-history":[{"count":0,"href":"https:\/\/www.joandjoe.com\/pt-br\/wp-json\/wp\/v2\/pages\/1529\/revisions"}],"wp:attachment":[{"href":"https:\/\/www.joandjoe.com\/pt-br\/wp-json\/wp\/v2\/media?parent=1529"}],"curies":[{"name":"wp","href":"https:\/\/api.w.org\/{rel}","templated":true}]}}