{"id":1367,"date":"2023-02-26T15:46:10","date_gmt":"2023-02-26T18:46:10","guid":{"rendered":"https:\/\/www.joandjoe.com\/rio\/faq\/"},"modified":"2026-01-13T10:52:32","modified_gmt":"2026-01-13T13:52:32","slug":"faq","status":"publish","type":"page","link":"https:\/\/www.joandjoe.com\/rio\/fr\/faq\/","title":{"rendered":"Questions fr\u00e9quentes"},"content":{"rendered":"","protected":false},"excerpt":{"rendered":"","protected":false},"author":3,"featured_media":0,"parent":0,"menu_order":0,"comment_status":"closed","ping_status":"closed","template":"templates\/template-default.php","meta":{"footnotes":""},"acf":[],"yoast_head":"<!-- This site is optimized with the Yoast SEO plugin v21.5 - https:\/\/yoast.com\/wordpress\/plugins\/seo\/ -->\n<title>Questions fr\u00e9quentes - JO&amp;JOE Rio de Janeiro<\/title>\n<meta name=\"description\" content=\"Toutes les r\u00e9ponses aux questions que vous vous posez avant de venir \u00e0 JO&amp;JOE Rio de Janeiro .\" \/>\n<meta name=\"robots\" content=\"index, follow, max-snippet:-1, max-image-preview:large, max-video-preview:-1\" \/>\n<link rel=\"canonical\" href=\"https:\/\/www.joandjoe.com\/rio\/fr\/faq\/\" \/>\n<meta property=\"og:locale\" content=\"fr_FR\" \/>\n<meta property=\"og:type\" content=\"article\" \/>\n<meta property=\"og:title\" content=\"Questions fr\u00e9quentes - JO&amp;JOE Rio de Janeiro\" \/>\n<meta property=\"og:description\" content=\"Toutes les r\u00e9ponses aux questions que vous vous posez avant de venir \u00e0 JO&amp;JOE Rio de Janeiro .\" \/>\n<meta property=\"og:url\" content=\"https:\/\/www.joandjoe.com\/rio\/fr\/faq\/\" \/>\n<meta property=\"og:site_name\" content=\"JO&amp;JOE Rio de Janeiro\" \/>\n<meta property=\"article:modified_time\" content=\"2026-01-13T13:52:32+00:00\" \/>\n<meta property=\"og:image\" content=\"https:\/\/www.joandjoe.com\/rio\/wp-content\/uploads\/sites\/11\/2023\/03\/Logo-Rio.png\" \/>\n\t<meta property=\"og:image:width\" content=\"1727\" \/>\n\t<meta property=\"og:image:height\" content=\"1727\" \/>\n\t<meta property=\"og:image:type\" content=\"image\/png\" \/>\n<meta name=\"twitter:card\" content=\"summary_large_image\" \/>\n<!-- \/ Yoast SEO plugin. -->","yoast_head_json":{"title":"Questions fr\u00e9quentes - JO&amp;JOE Rio de Janeiro","description":"Toutes les r\u00e9ponses aux questions que vous vous posez avant de venir \u00e0 JO&amp;JOE Rio de Janeiro .","robots":{"index":"index","follow":"follow","max-snippet":"max-snippet:-1","max-image-preview":"max-image-preview:large","max-video-preview":"max-video-preview:-1"},"canonical":"https:\/\/www.joandjoe.com\/rio\/fr\/faq\/","og_locale":"fr_FR","og_type":"article","og_title":"Questions fr\u00e9quentes - JO&amp;JOE Rio de Janeiro","og_description":"Toutes les r\u00e9ponses aux questions que vous vous posez avant de venir \u00e0 JO&amp;JOE Rio de Janeiro .","og_url":"https:\/\/www.joandjoe.com\/rio\/fr\/faq\/","og_site_name":"JO&amp;JOE Rio de Janeiro","article_modified_time":"2026-01-13T13:52:32+00:00","og_image":[{"width":1727,"height":1727,"url":"https:\/\/www.joandjoe.com\/rio\/wp-content\/uploads\/sites\/11\/2023\/03\/Logo-Rio.png","type":"image\/png"}],"twitter_card":"summary_large_image","schema":{"@context":"https:\/\/schema.org","@graph":[{"@type":"WebPage","@id":"https:\/\/www.joandjoe.com\/rio\/fr\/faq\/","url":"https:\/\/www.joandjoe.com\/rio\/fr\/faq\/","name":"Questions fr\u00e9quentes - JO&amp;JOE Rio de Janeiro","isPartOf":{"@id":"https:\/\/www.joandjoe.com\/rio\/en\/#website"},"datePublished":"2023-02-26T18:46:10+00:00","dateModified":"2026-01-13T13:52:32+00:00","description":"Toutes les r\u00e9ponses aux questions que vous vous posez avant de venir \u00e0 JO&amp;JOE Rio de Janeiro .","breadcrumb":{"@id":"https:\/\/www.joandjoe.com\/rio\/fr\/faq\/#breadcrumb"},"inLanguage":"fr-FR","potentialAction":[{"@type":"ReadAction","target":["https:\/\/www.joandjoe.com\/rio\/fr\/faq\/"]}]},{"@type":"BreadcrumbList","@id":"https:\/\/www.joandjoe.com\/rio\/fr\/faq\/#breadcrumb","itemListElement":[{"@type":"ListItem","position":1,"name":"Home","item":"https:\/\/www.joandjoe.com\/rio\/fr\/homepage\/"},{"@type":"ListItem","position":2,"name":"Questions fr\u00e9quentes"}]},{"@type":"WebSite","@id":"https:\/\/www.joandjoe.com\/rio\/en\/#website","url":"https:\/\/www.joandjoe.com\/rio\/en\/","name":"JO&JOE Rio de Janeiro","description":"Is this the coolest city on Earth?","publisher":{"@id":"https:\/\/www.joandjoe.com\/rio\/en\/#organization"},"alternateName":"JO&JOE Rio de Janeiro","potentialAction":[{"@type":"SearchAction","target":{"@type":"EntryPoint","urlTemplate":"https:\/\/www.joandjoe.com\/rio\/en\/?s={search_term_string}"},"query-input":"required name=search_term_string"}],"inLanguage":"fr-FR"},{"@type":"Organization","@id":"https:\/\/www.joandjoe.com\/rio\/en\/#organization","name":"Hossegor","url":"https:\/\/www.joandjoe.com\/rio\/en\/","logo":{"@type":"ImageObject","inLanguage":"fr-FR","@id":"https:\/\/www.joandjoe.com\/rio\/en\/#\/schema\/logo\/image\/","url":"","contentUrl":"","caption":"Hossegor"},"image":{"@id":"https:\/\/www.joandjoe.com\/rio\/en\/#\/schema\/logo\/image\/"}}]}},"_links":{"self":[{"href":"https:\/\/www.joandjoe.com\/rio\/fr\/wp-json\/wp\/v2\/pages\/1367"}],"collection":[{"href":"https:\/\/www.joandjoe.com\/rio\/fr\/wp-json\/wp\/v2\/pages"}],"about":[{"href":"https:\/\/www.joandjoe.com\/rio\/fr\/wp-json\/wp\/v2\/types\/page"}],"author":[{"embeddable":true,"href":"https:\/\/www.joandjoe.com\/rio\/fr\/wp-json\/wp\/v2\/users\/3"}],"replies":[{"embeddable":true,"href":"https:\/\/www.joandjoe.com\/rio\/fr\/wp-json\/wp\/v2\/comments?post=1367"}],"version-history":[{"count":0,"href":"https:\/\/www.joandjoe.com\/rio\/fr\/wp-json\/wp\/v2\/pages\/1367\/revisions"}],"wp:attachment":[{"href":"https:\/\/www.joandjoe.com\/rio\/fr\/wp-json\/wp\/v2\/media?parent=1367"}],"curies":[{"name":"wp","href":"https:\/\/api.w.org\/{rel}","templated":true}]}}