{"id":2012,"date":"2024-04-30T14:32:23","date_gmt":"2024-04-30T12:32:23","guid":{"rendered":"https:\/\/www.joandjoe.com\/roma\/faq\/"},"modified":"2024-04-30T14:32:23","modified_gmt":"2024-04-30T12:32:23","slug":"faq","status":"publish","type":"page","link":"https:\/\/www.joandjoe.com\/roma\/fr\/faq\/","title":{"rendered":"Questions fr\u00e9quentes"},"content":{"rendered":"","protected":false},"excerpt":{"rendered":"","protected":false},"author":6,"featured_media":0,"parent":0,"menu_order":0,"comment_status":"closed","ping_status":"closed","template":"","meta":{"footnotes":""},"acf":[],"yoast_head":"<!-- This site is optimized with the Yoast SEO plugin v21.5 - https:\/\/yoast.com\/wordpress\/plugins\/seo\/ -->\n<title>Questions fr\u00e9quentes - JO&amp;JOE Roma<\/title>\n<meta name=\"description\" content=\"Il n&#039;y a pas de probl\u00e8me, que des solutions chez nous ! Toutes les r\u00e9ponses aux questions que vous vous posez, les voici : horaires, parking, petit-d\u00e9jeuner...\" \/>\n<meta name=\"robots\" content=\"index, follow, max-snippet:-1, max-image-preview:large, max-video-preview:-1\" \/>\n<link rel=\"canonical\" href=\"https:\/\/www.joandjoe.com\/roma\/fr\/faq\/\" \/>\n<meta property=\"og:locale\" content=\"fr_FR\" \/>\n<meta property=\"og:type\" content=\"article\" \/>\n<meta property=\"og:title\" content=\"Questions fr\u00e9quentes - JO&amp;JOE Roma\" \/>\n<meta property=\"og:description\" content=\"Il n&#039;y a pas de probl\u00e8me, que des solutions chez nous ! Toutes les r\u00e9ponses aux questions que vous vous posez, les voici : horaires, parking, petit-d\u00e9jeuner...\" \/>\n<meta property=\"og:url\" content=\"https:\/\/www.joandjoe.com\/roma\/fr\/faq\/\" \/>\n<meta property=\"og:site_name\" content=\"JO&amp;JOE Roma\" \/>\n<meta property=\"og:image\" content=\"https:\/\/www.joandjoe.com\/roma\/wp-content\/uploads\/sites\/12\/2024\/07\/ROMA-COLISEO.png\" \/>\n\t<meta property=\"og:image:width\" content=\"4009\" \/>\n\t<meta property=\"og:image:height\" content=\"4009\" \/>\n\t<meta property=\"og:image:type\" content=\"image\/png\" \/>\n<meta name=\"twitter:card\" content=\"summary_large_image\" \/>\n<!-- \/ Yoast SEO plugin. -->","yoast_head_json":{"title":"Questions fr\u00e9quentes - JO&amp;JOE Roma","description":"Il n'y a pas de probl\u00e8me, que des solutions chez nous ! Toutes les r\u00e9ponses aux questions que vous vous posez, les voici : horaires, parking, petit-d\u00e9jeuner...","robots":{"index":"index","follow":"follow","max-snippet":"max-snippet:-1","max-image-preview":"max-image-preview:large","max-video-preview":"max-video-preview:-1"},"canonical":"https:\/\/www.joandjoe.com\/roma\/fr\/faq\/","og_locale":"fr_FR","og_type":"article","og_title":"Questions fr\u00e9quentes - JO&amp;JOE Roma","og_description":"Il n'y a pas de probl\u00e8me, que des solutions chez nous ! Toutes les r\u00e9ponses aux questions que vous vous posez, les voici : horaires, parking, petit-d\u00e9jeuner...","og_url":"https:\/\/www.joandjoe.com\/roma\/fr\/faq\/","og_site_name":"JO&amp;JOE Roma","og_image":[{"width":4009,"height":4009,"url":"https:\/\/www.joandjoe.com\/roma\/wp-content\/uploads\/sites\/12\/2024\/07\/ROMA-COLISEO.png","type":"image\/png"}],"twitter_card":"summary_large_image","schema":{"@context":"https:\/\/schema.org","@graph":[{"@type":"WebPage","@id":"https:\/\/www.joandjoe.com\/roma\/fr\/faq\/","url":"https:\/\/www.joandjoe.com\/roma\/fr\/faq\/","name":"Questions fr\u00e9quentes - JO&amp;JOE Roma","isPartOf":{"@id":"https:\/\/www.joandjoe.com\/roma\/en\/#website"},"datePublished":"2024-04-30T12:32:23+00:00","dateModified":"2024-04-30T12:32:23+00:00","description":"Il n'y a pas de probl\u00e8me, que des solutions chez nous ! Toutes les r\u00e9ponses aux questions que vous vous posez, les voici : horaires, parking, petit-d\u00e9jeuner...","breadcrumb":{"@id":"https:\/\/www.joandjoe.com\/roma\/fr\/faq\/#breadcrumb"},"inLanguage":"fr-FR","potentialAction":[{"@type":"ReadAction","target":["https:\/\/www.joandjoe.com\/roma\/fr\/faq\/"]}]},{"@type":"BreadcrumbList","@id":"https:\/\/www.joandjoe.com\/roma\/fr\/faq\/#breadcrumb","itemListElement":[{"@type":"ListItem","position":1,"name":"Home","item":"https:\/\/www.joandjoe.com\/roma\/fr\/homepage\/"},{"@type":"ListItem","position":2,"name":"Questions fr\u00e9quentes"}]},{"@type":"WebSite","@id":"https:\/\/www.joandjoe.com\/roma\/en\/#website","url":"https:\/\/www.joandjoe.com\/roma\/en\/","name":"JO&JOE Roma","description":"La dolce vita with JO&amp;JOE","publisher":{"@id":"https:\/\/www.joandjoe.com\/roma\/en\/#organization"},"alternateName":"JO&JOE Roma","potentialAction":[{"@type":"SearchAction","target":{"@type":"EntryPoint","urlTemplate":"https:\/\/www.joandjoe.com\/roma\/en\/?s={search_term_string}"},"query-input":"required name=search_term_string"}],"inLanguage":"fr-FR"},{"@type":"Organization","@id":"https:\/\/www.joandjoe.com\/roma\/en\/#organization","name":"Hossegor","url":"https:\/\/www.joandjoe.com\/roma\/en\/","logo":{"@type":"ImageObject","inLanguage":"fr-FR","@id":"https:\/\/www.joandjoe.com\/roma\/en\/#\/schema\/logo\/image\/","url":"","contentUrl":"","caption":"Hossegor"},"image":{"@id":"https:\/\/www.joandjoe.com\/roma\/en\/#\/schema\/logo\/image\/"}}]}},"_links":{"self":[{"href":"https:\/\/www.joandjoe.com\/roma\/fr\/wp-json\/wp\/v2\/pages\/2012"}],"collection":[{"href":"https:\/\/www.joandjoe.com\/roma\/fr\/wp-json\/wp\/v2\/pages"}],"about":[{"href":"https:\/\/www.joandjoe.com\/roma\/fr\/wp-json\/wp\/v2\/types\/page"}],"author":[{"embeddable":true,"href":"https:\/\/www.joandjoe.com\/roma\/fr\/wp-json\/wp\/v2\/users\/6"}],"replies":[{"embeddable":true,"href":"https:\/\/www.joandjoe.com\/roma\/fr\/wp-json\/wp\/v2\/comments?post=2012"}],"version-history":[{"count":0,"href":"https:\/\/www.joandjoe.com\/roma\/fr\/wp-json\/wp\/v2\/pages\/2012\/revisions"}],"wp:attachment":[{"href":"https:\/\/www.joandjoe.com\/roma\/fr\/wp-json\/wp\/v2\/media?parent=2012"}],"curies":[{"name":"wp","href":"https:\/\/api.w.org\/{rel}","templated":true}]}}