{"id":1335,"date":"2023-02-26T15:44:31","date_gmt":"2023-02-26T13:44:31","guid":{"rendered":"https:\/\/www.joandjoe.com\/roma\/contact\/"},"modified":"2024-05-16T14:29:54","modified_gmt":"2024-05-16T12:29:54","slug":"contact","status":"publish","type":"page","link":"https:\/\/www.joandjoe.com\/roma\/pt-br\/contact\/","title":{"rendered":"Contato"},"content":{"rendered":"<p class=\"gform_not_found\">Opa! N\u00e3o conseguimos encontrar o seu formul\u00e1rio.<\/p>\n","protected":false},"excerpt":{"rendered":"","protected":false},"author":3,"featured_media":0,"parent":0,"menu_order":0,"comment_status":"closed","ping_status":"closed","template":"templates\/template-contact-dest.php","meta":{"footnotes":""},"acf":[],"yoast_head":"<!-- This site is optimized with the Yoast SEO plugin v21.5 - https:\/\/yoast.com\/wordpress\/plugins\/seo\/ -->\n<title>Contato - JO&amp;JOE Roma<\/title>\n<meta name=\"description\" content=\"Descubra um novo estilo de hostel em JO&amp;JOE Roma com acomoda\u00e7\u00f5es econ\u00f4micas, restaurantes aut\u00eanticos e bares modernos com JO&amp;JOE.\" \/>\n<meta name=\"robots\" content=\"index, follow, max-snippet:-1, max-image-preview:large, max-video-preview:-1\" \/>\n<link rel=\"canonical\" href=\"https:\/\/www.joandjoe.com\/roma\/pt-br\/contact\/\" \/>\n<meta property=\"og:locale\" content=\"pt_BR\" \/>\n<meta property=\"og:type\" content=\"article\" \/>\n<meta property=\"og:title\" content=\"Contato - JO&amp;JOE Roma\" \/>\n<meta property=\"og:description\" content=\"Descubra um novo estilo de hostel em JO&amp;JOE Roma com acomoda\u00e7\u00f5es econ\u00f4micas, restaurantes aut\u00eanticos e bares modernos com JO&amp;JOE.\" \/>\n<meta property=\"og:url\" content=\"https:\/\/www.joandjoe.com\/roma\/pt-br\/contact\/\" \/>\n<meta property=\"og:site_name\" content=\"JO&amp;JOE Roma\" \/>\n<meta property=\"article:modified_time\" content=\"2024-05-16T12:29:54+00:00\" \/>\n<meta property=\"og:image\" content=\"https:\/\/www.joandjoe.com\/roma\/wp-content\/uploads\/sites\/12\/2024\/07\/ROMA-COLISEO.png\" \/>\n\t<meta property=\"og:image:width\" content=\"4009\" \/>\n\t<meta property=\"og:image:height\" content=\"4009\" \/>\n\t<meta property=\"og:image:type\" content=\"image\/png\" \/>\n<meta name=\"twitter:card\" content=\"summary_large_image\" \/>\n<!-- \/ Yoast SEO plugin. -->","yoast_head_json":{"title":"Contato - JO&amp;JOE Roma","description":"Descubra um novo estilo de hostel em JO&amp;JOE Roma com acomoda\u00e7\u00f5es econ\u00f4micas, restaurantes aut\u00eanticos e bares modernos com JO&JOE.","robots":{"index":"index","follow":"follow","max-snippet":"max-snippet:-1","max-image-preview":"max-image-preview:large","max-video-preview":"max-video-preview:-1"},"canonical":"https:\/\/www.joandjoe.com\/roma\/pt-br\/contact\/","og_locale":"pt_BR","og_type":"article","og_title":"Contato - JO&amp;JOE Roma","og_description":"Descubra um novo estilo de hostel em JO&amp;JOE Roma com acomoda\u00e7\u00f5es econ\u00f4micas, restaurantes aut\u00eanticos e bares modernos com JO&JOE.","og_url":"https:\/\/www.joandjoe.com\/roma\/pt-br\/contact\/","og_site_name":"JO&amp;JOE Roma","article_modified_time":"2024-05-16T12:29:54+00:00","og_image":[{"width":4009,"height":4009,"url":"https:\/\/www.joandjoe.com\/roma\/wp-content\/uploads\/sites\/12\/2024\/07\/ROMA-COLISEO.png","type":"image\/png"}],"twitter_card":"summary_large_image","schema":{"@context":"https:\/\/schema.org","@graph":[{"@type":"WebPage","@id":"https:\/\/www.joandjoe.com\/roma\/pt-br\/contact\/","url":"https:\/\/www.joandjoe.com\/roma\/pt-br\/contact\/","name":"Contato - JO&amp;JOE Roma","isPartOf":{"@id":"https:\/\/www.joandjoe.com\/roma\/en\/#website"},"datePublished":"2023-02-26T13:44:31+00:00","dateModified":"2024-05-16T12:29:54+00:00","description":"Descubra um novo estilo de hostel em JO&amp;JOE Roma com acomoda\u00e7\u00f5es econ\u00f4micas, restaurantes aut\u00eanticos e bares modernos com JO&JOE.","breadcrumb":{"@id":"https:\/\/www.joandjoe.com\/roma\/pt-br\/contact\/#breadcrumb"},"inLanguage":"pt-BR","potentialAction":[{"@type":"ReadAction","target":["https:\/\/www.joandjoe.com\/roma\/pt-br\/contact\/"]}]},{"@type":"BreadcrumbList","@id":"https:\/\/www.joandjoe.com\/roma\/pt-br\/contact\/#breadcrumb","itemListElement":[{"@type":"ListItem","position":1,"name":"Home","item":"https:\/\/www.joandjoe.com\/roma\/pt-br\/homepage\/"},{"@type":"ListItem","position":2,"name":"Contato"}]},{"@type":"WebSite","@id":"https:\/\/www.joandjoe.com\/roma\/en\/#website","url":"https:\/\/www.joandjoe.com\/roma\/en\/","name":"JO&JOE Roma","description":"La dolce vita with JO&amp;JOE","publisher":{"@id":"https:\/\/www.joandjoe.com\/roma\/en\/#organization"},"alternateName":"JO&JOE Roma","potentialAction":[{"@type":"SearchAction","target":{"@type":"EntryPoint","urlTemplate":"https:\/\/www.joandjoe.com\/roma\/en\/?s={search_term_string}"},"query-input":"required name=search_term_string"}],"inLanguage":"pt-BR"},{"@type":"Organization","@id":"https:\/\/www.joandjoe.com\/roma\/en\/#organization","name":"Hossegor","url":"https:\/\/www.joandjoe.com\/roma\/en\/","logo":{"@type":"ImageObject","inLanguage":"pt-BR","@id":"https:\/\/www.joandjoe.com\/roma\/en\/#\/schema\/logo\/image\/","url":"","contentUrl":"","caption":"Hossegor"},"image":{"@id":"https:\/\/www.joandjoe.com\/roma\/en\/#\/schema\/logo\/image\/"}}]}},"_links":{"self":[{"href":"https:\/\/www.joandjoe.com\/roma\/pt-br\/wp-json\/wp\/v2\/pages\/1335"}],"collection":[{"href":"https:\/\/www.joandjoe.com\/roma\/pt-br\/wp-json\/wp\/v2\/pages"}],"about":[{"href":"https:\/\/www.joandjoe.com\/roma\/pt-br\/wp-json\/wp\/v2\/types\/page"}],"author":[{"embeddable":true,"href":"https:\/\/www.joandjoe.com\/roma\/pt-br\/wp-json\/wp\/v2\/users\/3"}],"replies":[{"embeddable":true,"href":"https:\/\/www.joandjoe.com\/roma\/pt-br\/wp-json\/wp\/v2\/comments?post=1335"}],"version-history":[{"count":0,"href":"https:\/\/www.joandjoe.com\/roma\/pt-br\/wp-json\/wp\/v2\/pages\/1335\/revisions"}],"wp:attachment":[{"href":"https:\/\/www.joandjoe.com\/roma\/pt-br\/wp-json\/wp\/v2\/media?parent=1335"}],"curies":[{"name":"wp","href":"https:\/\/api.w.org\/{rel}","templated":true}]}}