{"id":1457,"date":"2023-02-23T11:46:40","date_gmt":"2023-02-23T11:46:40","guid":{"rendered":"https:\/\/www.joandjoe.com\/vienna\/rooms\/"},"modified":"2025-09-19T12:34:14","modified_gmt":"2025-09-19T10:34:14","slug":"rooms","status":"publish","type":"page","link":"https:\/\/www.joandjoe.com\/vienna\/fr\/rooms\/","title":{"rendered":"H\u00e9bergements"},"content":{"rendered":"","protected":false},"excerpt":{"rendered":"","protected":false},"author":2,"featured_media":0,"parent":0,"menu_order":0,"comment_status":"closed","ping_status":"closed","template":"templates\/template-rooms.php","meta":{"footnotes":""},"acf":[],"yoast_head":"<!-- This site is optimized with the Yoast SEO plugin v21.5 - https:\/\/yoast.com\/wordpress\/plugins\/seo\/ -->\n<title>H\u00e9bergements - JO&amp;JOE Vienna<\/title>\n<meta name=\"description\" content=\"D\u00e9couvrez un nouveau style d&#039;auberge de jeunesse avec des h\u00e9bergements abordables, restaurants authentiques et bars design avec JO&amp;JOE.\" \/>\n<meta name=\"robots\" content=\"index, follow, max-snippet:-1, max-image-preview:large, max-video-preview:-1\" \/>\n<link rel=\"canonical\" href=\"https:\/\/www.joandjoe.com\/vienna\/fr\/rooms\/\" \/>\n<meta property=\"og:locale\" content=\"fr_FR\" \/>\n<meta property=\"og:type\" content=\"article\" \/>\n<meta property=\"og:title\" content=\"H\u00e9bergements - JO&amp;JOE Vienna\" \/>\n<meta property=\"og:description\" content=\"D\u00e9couvrez un nouveau style d&#039;auberge de jeunesse avec des h\u00e9bergements abordables, restaurants authentiques et bars design avec JO&amp;JOE.\" \/>\n<meta property=\"og:url\" content=\"https:\/\/www.joandjoe.com\/vienna\/fr\/rooms\/\" \/>\n<meta property=\"og:site_name\" content=\"JO&amp;JOE Vienna\" \/>\n<meta property=\"article:modified_time\" content=\"2025-09-19T10:34:14+00:00\" \/>\n<meta property=\"og:image\" content=\"https:\/\/www.joandjoe.com\/vienna\/wp-content\/uploads\/sites\/9\/2023\/03\/vienna-2.png\" \/>\n\t<meta property=\"og:image:width\" content=\"1250\" \/>\n\t<meta property=\"og:image:height\" content=\"1250\" \/>\n\t<meta property=\"og:image:type\" content=\"image\/png\" \/>\n<meta name=\"twitter:card\" content=\"summary_large_image\" \/>\n<!-- \/ Yoast SEO plugin. -->","yoast_head_json":{"title":"H\u00e9bergements - JO&amp;JOE Vienna","description":"D\u00e9couvrez un nouveau style d'auberge de jeunesse avec des h\u00e9bergements abordables, restaurants authentiques et bars design avec JO&JOE.","robots":{"index":"index","follow":"follow","max-snippet":"max-snippet:-1","max-image-preview":"max-image-preview:large","max-video-preview":"max-video-preview:-1"},"canonical":"https:\/\/www.joandjoe.com\/vienna\/fr\/rooms\/","og_locale":"fr_FR","og_type":"article","og_title":"H\u00e9bergements - JO&amp;JOE Vienna","og_description":"D\u00e9couvrez un nouveau style d'auberge de jeunesse avec des h\u00e9bergements abordables, restaurants authentiques et bars design avec JO&JOE.","og_url":"https:\/\/www.joandjoe.com\/vienna\/fr\/rooms\/","og_site_name":"JO&amp;JOE Vienna","article_modified_time":"2025-09-19T10:34:14+00:00","og_image":[{"width":1250,"height":1250,"url":"https:\/\/www.joandjoe.com\/vienna\/wp-content\/uploads\/sites\/9\/2023\/03\/vienna-2.png","type":"image\/png"}],"twitter_card":"summary_large_image","schema":{"@context":"https:\/\/schema.org","@graph":[{"@type":"WebPage","@id":"https:\/\/www.joandjoe.com\/vienna\/fr\/rooms\/","url":"https:\/\/www.joandjoe.com\/vienna\/fr\/rooms\/","name":"H\u00e9bergements - JO&amp;JOE Vienna","isPartOf":{"@id":"https:\/\/www.joandjoe.com\/vienna\/en\/#website"},"datePublished":"2023-02-23T11:46:40+00:00","dateModified":"2025-09-19T10:34:14+00:00","description":"D\u00e9couvrez un nouveau style d'auberge de jeunesse avec des h\u00e9bergements abordables, restaurants authentiques et bars design avec JO&JOE.","breadcrumb":{"@id":"https:\/\/www.joandjoe.com\/vienna\/fr\/rooms\/#breadcrumb"},"inLanguage":"fr-FR","potentialAction":[{"@type":"ReadAction","target":["https:\/\/www.joandjoe.com\/vienna\/fr\/rooms\/"]}]},{"@type":"BreadcrumbList","@id":"https:\/\/www.joandjoe.com\/vienna\/fr\/rooms\/#breadcrumb","itemListElement":[{"@type":"ListItem","position":1,"name":"Home","item":"https:\/\/www.joandjoe.com\/vienna\/fr\/"},{"@type":"ListItem","position":2,"name":"H\u00e9bergements"}]},{"@type":"WebSite","@id":"https:\/\/www.joandjoe.com\/vienna\/en\/#website","url":"https:\/\/www.joandjoe.com\/vienna\/en\/","name":"JO&JOE Vienna","description":"The only way to do Vienna","publisher":{"@id":"https:\/\/www.joandjoe.com\/vienna\/en\/#organization"},"alternateName":"JO&JOE Vienna","potentialAction":[{"@type":"SearchAction","target":{"@type":"EntryPoint","urlTemplate":"https:\/\/www.joandjoe.com\/vienna\/en\/?s={search_term_string}"},"query-input":"required name=search_term_string"}],"inLanguage":"fr-FR"},{"@type":"Organization","@id":"https:\/\/www.joandjoe.com\/vienna\/en\/#organization","name":"Hossegor","url":"https:\/\/www.joandjoe.com\/vienna\/en\/","logo":{"@type":"ImageObject","inLanguage":"fr-FR","@id":"https:\/\/www.joandjoe.com\/vienna\/en\/#\/schema\/logo\/image\/","url":"","contentUrl":"","caption":"Hossegor"},"image":{"@id":"https:\/\/www.joandjoe.com\/vienna\/en\/#\/schema\/logo\/image\/"}}]}},"_links":{"self":[{"href":"https:\/\/www.joandjoe.com\/vienna\/fr\/wp-json\/wp\/v2\/pages\/1457"}],"collection":[{"href":"https:\/\/www.joandjoe.com\/vienna\/fr\/wp-json\/wp\/v2\/pages"}],"about":[{"href":"https:\/\/www.joandjoe.com\/vienna\/fr\/wp-json\/wp\/v2\/types\/page"}],"author":[{"embeddable":true,"href":"https:\/\/www.joandjoe.com\/vienna\/fr\/wp-json\/wp\/v2\/users\/2"}],"replies":[{"embeddable":true,"href":"https:\/\/www.joandjoe.com\/vienna\/fr\/wp-json\/wp\/v2\/comments?post=1457"}],"version-history":[{"count":0,"href":"https:\/\/www.joandjoe.com\/vienna\/fr\/wp-json\/wp\/v2\/pages\/1457\/revisions"}],"wp:attachment":[{"href":"https:\/\/www.joandjoe.com\/vienna\/fr\/wp-json\/wp\/v2\/media?parent=1457"}],"curies":[{"name":"wp","href":"https:\/\/api.w.org\/{rel}","templated":true}]}}