{"id":1525,"date":"2023-02-26T15:46:10","date_gmt":"2023-02-26T13:46:10","guid":{"rendered":"https:\/\/www.joandjoe.com\/vienna\/questions-frequentes\/"},"modified":"2024-04-30T14:28:20","modified_gmt":"2024-04-30T12:28:20","slug":"faq","status":"publish","type":"page","link":"https:\/\/www.joandjoe.com\/vienna\/fr\/faq\/","title":{"rendered":"Questions fr\u00e9quentes"},"content":{"rendered":"","protected":false},"excerpt":{"rendered":"","protected":false},"author":3,"featured_media":0,"parent":0,"menu_order":0,"comment_status":"closed","ping_status":"closed","template":"","meta":{"footnotes":""},"acf":[],"yoast_head":"<!-- This site is optimized with the Yoast SEO plugin v21.5 - https:\/\/yoast.com\/wordpress\/plugins\/seo\/ -->\n<title>Questions fr\u00e9quentes - JO&amp;JOE Vienna<\/title>\n<meta name=\"description\" content=\"Il n&#039;y a pas de probl\u00e8me, que des solutions chez nous ! Toutes les r\u00e9ponses aux questions que vous vous posez, les voici : horaires, parking, petit-d\u00e9jeuner...\" \/>\n<meta name=\"robots\" content=\"index, follow, max-snippet:-1, max-image-preview:large, max-video-preview:-1\" \/>\n<link rel=\"canonical\" href=\"https:\/\/www.joandjoe.com\/vienna\/fr\/faq\/\" \/>\n<meta property=\"og:locale\" content=\"fr_FR\" \/>\n<meta property=\"og:type\" content=\"article\" \/>\n<meta property=\"og:title\" content=\"Questions fr\u00e9quentes - JO&amp;JOE Vienna\" \/>\n<meta property=\"og:description\" content=\"Il n&#039;y a pas de probl\u00e8me, que des solutions chez nous ! Toutes les r\u00e9ponses aux questions que vous vous posez, les voici : horaires, parking, petit-d\u00e9jeuner...\" \/>\n<meta property=\"og:url\" content=\"https:\/\/www.joandjoe.com\/vienna\/fr\/faq\/\" \/>\n<meta property=\"og:site_name\" content=\"JO&amp;JOE Vienna\" \/>\n<meta property=\"article:modified_time\" content=\"2024-04-30T12:28:20+00:00\" \/>\n<meta property=\"og:image\" content=\"https:\/\/www.joandjoe.com\/vienna\/wp-content\/uploads\/sites\/9\/2023\/03\/vienna-2.png\" \/>\n\t<meta property=\"og:image:width\" content=\"1250\" \/>\n\t<meta property=\"og:image:height\" content=\"1250\" \/>\n\t<meta property=\"og:image:type\" content=\"image\/png\" \/>\n<meta name=\"twitter:card\" content=\"summary_large_image\" \/>\n<!-- \/ Yoast SEO plugin. -->","yoast_head_json":{"title":"Questions fr\u00e9quentes - JO&amp;JOE Vienna","description":"Il n'y a pas de probl\u00e8me, que des solutions chez nous ! Toutes les r\u00e9ponses aux questions que vous vous posez, les voici : horaires, parking, petit-d\u00e9jeuner...","robots":{"index":"index","follow":"follow","max-snippet":"max-snippet:-1","max-image-preview":"max-image-preview:large","max-video-preview":"max-video-preview:-1"},"canonical":"https:\/\/www.joandjoe.com\/vienna\/fr\/faq\/","og_locale":"fr_FR","og_type":"article","og_title":"Questions fr\u00e9quentes - JO&amp;JOE Vienna","og_description":"Il n'y a pas de probl\u00e8me, que des solutions chez nous ! Toutes les r\u00e9ponses aux questions que vous vous posez, les voici : horaires, parking, petit-d\u00e9jeuner...","og_url":"https:\/\/www.joandjoe.com\/vienna\/fr\/faq\/","og_site_name":"JO&amp;JOE Vienna","article_modified_time":"2024-04-30T12:28:20+00:00","og_image":[{"width":1250,"height":1250,"url":"https:\/\/www.joandjoe.com\/vienna\/wp-content\/uploads\/sites\/9\/2023\/03\/vienna-2.png","type":"image\/png"}],"twitter_card":"summary_large_image","schema":{"@context":"https:\/\/schema.org","@graph":[{"@type":"WebPage","@id":"https:\/\/www.joandjoe.com\/vienna\/fr\/faq\/","url":"https:\/\/www.joandjoe.com\/vienna\/fr\/faq\/","name":"Questions fr\u00e9quentes - JO&amp;JOE Vienna","isPartOf":{"@id":"https:\/\/www.joandjoe.com\/vienna\/en\/#website"},"datePublished":"2023-02-26T13:46:10+00:00","dateModified":"2024-04-30T12:28:20+00:00","description":"Il n'y a pas de probl\u00e8me, que des solutions chez nous ! Toutes les r\u00e9ponses aux questions que vous vous posez, les voici : horaires, parking, petit-d\u00e9jeuner...","breadcrumb":{"@id":"https:\/\/www.joandjoe.com\/vienna\/fr\/faq\/#breadcrumb"},"inLanguage":"fr-FR","potentialAction":[{"@type":"ReadAction","target":["https:\/\/www.joandjoe.com\/vienna\/fr\/faq\/"]}]},{"@type":"BreadcrumbList","@id":"https:\/\/www.joandjoe.com\/vienna\/fr\/faq\/#breadcrumb","itemListElement":[{"@type":"ListItem","position":1,"name":"Home","item":"https:\/\/www.joandjoe.com\/vienna\/fr\/"},{"@type":"ListItem","position":2,"name":"Questions fr\u00e9quentes"}]},{"@type":"WebSite","@id":"https:\/\/www.joandjoe.com\/vienna\/en\/#website","url":"https:\/\/www.joandjoe.com\/vienna\/en\/","name":"JO&JOE Vienna","description":"The only way to do Vienna","publisher":{"@id":"https:\/\/www.joandjoe.com\/vienna\/en\/#organization"},"alternateName":"JO&JOE Vienna","potentialAction":[{"@type":"SearchAction","target":{"@type":"EntryPoint","urlTemplate":"https:\/\/www.joandjoe.com\/vienna\/en\/?s={search_term_string}"},"query-input":"required name=search_term_string"}],"inLanguage":"fr-FR"},{"@type":"Organization","@id":"https:\/\/www.joandjoe.com\/vienna\/en\/#organization","name":"Hossegor","url":"https:\/\/www.joandjoe.com\/vienna\/en\/","logo":{"@type":"ImageObject","inLanguage":"fr-FR","@id":"https:\/\/www.joandjoe.com\/vienna\/en\/#\/schema\/logo\/image\/","url":"","contentUrl":"","caption":"Hossegor"},"image":{"@id":"https:\/\/www.joandjoe.com\/vienna\/en\/#\/schema\/logo\/image\/"}}]}},"_links":{"self":[{"href":"https:\/\/www.joandjoe.com\/vienna\/fr\/wp-json\/wp\/v2\/pages\/1525"}],"collection":[{"href":"https:\/\/www.joandjoe.com\/vienna\/fr\/wp-json\/wp\/v2\/pages"}],"about":[{"href":"https:\/\/www.joandjoe.com\/vienna\/fr\/wp-json\/wp\/v2\/types\/page"}],"author":[{"embeddable":true,"href":"https:\/\/www.joandjoe.com\/vienna\/fr\/wp-json\/wp\/v2\/users\/3"}],"replies":[{"embeddable":true,"href":"https:\/\/www.joandjoe.com\/vienna\/fr\/wp-json\/wp\/v2\/comments?post=1525"}],"version-history":[{"count":0,"href":"https:\/\/www.joandjoe.com\/vienna\/fr\/wp-json\/wp\/v2\/pages\/1525\/revisions"}],"wp:attachment":[{"href":"https:\/\/www.joandjoe.com\/vienna\/fr\/wp-json\/wp\/v2\/media?parent=1525"}],"curies":[{"name":"wp","href":"https:\/\/api.w.org\/{rel}","templated":true}]}}